{"id":6723,"date":"2023-09-29T10:50:08","date_gmt":"2023-09-29T10:50:08","guid":{"rendered":"https:\/\/morfin.io\/?page_id=6723"},"modified":"2023-10-06T06:43:33","modified_gmt":"2023-10-06T06:43:33","slug":"employee-pulse-survey","status":"publish","type":"page","link":"https:\/\/morfin.io\/ro\/employee-pulse-survey\/","title":{"rendered":"Employee Pulse Survey"},"content":{"rendered":"<p><img decoding=\"async\" src=\"https:\/\/morfin.io\/wp-content\/uploads\/elementor\/thumbs\/iOS3-removebg-preview-qd45khf4f0wg90z9sbjb9x549ubtrh0j1186s17izi.png\" title=\"iOS3-removebg-preview\" alt=\"iOS3-removebg-preview\" loading=\"lazy\" \/>\t\t\t\t\t\t\t\t\t\t\t\t\t\t\t<\/p>\n<h1>Scan the QR code, Download\u00a0the app and Scan the QR code again to Try it for FREE<\/h1>\n<h1 style=\"text-align: center;\">Click the button, Download\u00a0the app and Click the button again to Try it for FREE<\/h1>\n<p>\t\t\t\t\t\t\t\t\t\t\t\t\t\t\t<img decoding=\"async\" width=\"400\" height=\"400\" src=\"https:\/\/morfin.io\/wp-content\/uploads\/Untitled-Project-12-modified.png\" alt=\"\" loading=\"lazy\" srcset=\"https:\/\/morfin.io\/wp-content\/uploads\/Untitled-Project-12-modified.png 400w, https:\/\/morfin.io\/wp-content\/uploads\/Untitled-Project-12-modified-300x300.png 300w, https:\/\/morfin.io\/wp-content\/uploads\/Untitled-Project-12-modified-150x150.png 150w, https:\/\/morfin.io\/wp-content\/uploads\/Untitled-Project-12-modified-12x12.png 12w\" sizes=\"(max-width: 400px) 100vw, 400px\" \/><br \/>\n\t\t\t<a href=\"https:\/\/morefun.page.link\/?efr=1&#038;ibi=io%2Emorfin%2Emorfinapp&#038;isi=1474287828&#038;apn=io%2Emorfin%2Emorfinapp&#038;link=https%3A%2F%2Fmorfin%2Eio%2Fdeep%2Dlink%3Fcategory%3D1%26id%3D1d362b10%2D1d8a%2D484d%2D804f%2D897571f194f6\"><br \/>\n\t\t\t\t\t\tTry Morfin.io<br \/>\n\t\t\t\t\t<\/a><\/p>\n<h1>Feel the beat, save the buck<\/h1>\n<p style=\"text-align: center;\">Tap into the pulse of real-time insights and watch as it translates to tangible savings. With Morfin.io, it&#8217;s not just feedback; it&#8217;s a strategic advantage. Dive in and feel the difference.<\/p>\n<p>\t\t\t\t\t\t\t\t\t\t\t\t\t\t\t<img decoding=\"async\" width=\"350\" height=\"350\" src=\"https:\/\/morfin.io\/wp-content\/uploads\/mega-creator-10.png\" alt=\"employee pulse survey\" loading=\"lazy\" srcset=\"https:\/\/morfin.io\/wp-content\/uploads\/mega-creator-10.png 350w, https:\/\/morfin.io\/wp-content\/uploads\/mega-creator-10-300x300.png 300w, https:\/\/morfin.io\/wp-content\/uploads\/mega-creator-10-150x150.png 150w, https:\/\/morfin.io\/wp-content\/uploads\/mega-creator-10-12x12.png 12w\" sizes=\"(max-width: 350px) 100vw, 350px\" \/>\t\t\t\t\t\t\t\t\t\t\t\t\t\t\t<\/p>\n<h2 style=\"text-align: center;\">Real-time Data<\/h2>\n<p style=\"text-align: center;\"><strong><a href=\"https:\/\/morfin.io\/ro\/\">Morfin.io<\/a> introduces a pulse survey system that allows you to implement various strategies and receive instantaneous feedback from your team. It&#8217;s not just a tool; it&#8217;s a compass that guides you in the right direction, helping you make informed decisions based on real-time data.<\/strong><\/p>\n<p>\t\t\t\t\t\t\t\t\t\t\t\t\t\t\t<img decoding=\"async\" width=\"350\" height=\"350\" src=\"https:\/\/morfin.io\/wp-content\/uploads\/mega-creator-11.png\" alt=\"employee pulse survey\" loading=\"lazy\" srcset=\"https:\/\/morfin.io\/wp-content\/uploads\/mega-creator-11.png 350w, https:\/\/morfin.io\/wp-content\/uploads\/mega-creator-11-300x300.png 300w, https:\/\/morfin.io\/wp-content\/uploads\/mega-creator-11-150x150.png 150w, https:\/\/morfin.io\/wp-content\/uploads\/mega-creator-11-12x12.png 12w\" sizes=\"(max-width: 350px) 100vw, 350px\" \/>\t\t\t\t\t\t\t\t\t\t\t\t\t\t\t<\/p>\n<h2 style=\"text-align: center;\">Cost Savings<\/h2>\n<p style=\"text-align: center;\"><strong>Reduce costs associated with employee turnover and prolonged onboarding.\u00a0<\/strong><strong>Enhancing employee satisfaction can lead to a 15% reduction in turnover rates, saving costs on recruitment and training.<\/strong><\/p>\n<h1>The smart way to receive feedback<\/h1>\n<p style=\"text-align: center;\">Utiliz\u00e2nd Morfin.io, companiile pot implementa diverse strategii de gamificare pentru a \u00eembun\u0103t\u0103\u021bi sondajele de angajament ale angaja\u021bilor, inclusiv:<\/p>\n<p>\t\t\t\t\t\t\t\t\t\t\t\t\t\t\t<img decoding=\"async\" width=\"202\" height=\"202\" src=\"https:\/\/morfin.io\/wp-content\/uploads\/mega-creator-14.png\" alt=\"\" loading=\"lazy\" srcset=\"https:\/\/morfin.io\/wp-content\/uploads\/mega-creator-14.png 202w, https:\/\/morfin.io\/wp-content\/uploads\/mega-creator-14-150x150.png 150w, https:\/\/morfin.io\/wp-content\/uploads\/mega-creator-14-12x12.png 12w\" sizes=\"(max-width: 202px) 100vw, 202px\" \/>\t\t\t\t\t\t\t\t\t\t\t\t\t\t\t<\/p>\n<p style=\"text-align: center;\"><strong>01<\/strong><\/p>\n<h3 style=\"text-align: center;\">Rewards<\/h3>\n<p style=\"text-align: center;\"><strong>Morfin.io enables businesses to introduce a point-based system where employees earn rewards or recognition based on their survey responds. The platform tracks points seamlessly, creating a sense of achievement and motivation for employees to actively participate.\u00a0 \u00a0<\/strong><\/p>\n<p>\t\t\t\t\t\t\t\t\t\t\t\t\t\t\t<img decoding=\"async\" width=\"202\" height=\"202\" src=\"https:\/\/morfin.io\/wp-content\/uploads\/mega-creator-15.png\" alt=\"\" loading=\"lazy\" srcset=\"https:\/\/morfin.io\/wp-content\/uploads\/mega-creator-15.png 202w, https:\/\/morfin.io\/wp-content\/uploads\/mega-creator-15-150x150.png 150w, https:\/\/morfin.io\/wp-content\/uploads\/mega-creator-15-12x12.png 12w\" sizes=\"(max-width: 202px) 100vw, 202px\" \/>\t\t\t\t\t\t\t\t\t\t\t\t\t\t\t<\/p>\n<p style=\"text-align: center;\"><strong>02<\/strong><\/p>\n<h3 style=\"text-align: center;\">Progress Indicators<\/h3>\n<p style=\"text-align: center;\"><strong>Incorporating progress bars or visual indicators within the survey using Morfin.io helps employees track their survey completion and provides a sense of progression. This feature\u00a0 encourages employees to complete the survey and see their progress in real-time.<\/strong><\/p>\n<p>\t\t\t\t\t\t\t\t\t\t\t\t\t\t\t<img decoding=\"async\" width=\"202\" height=\"202\" src=\"https:\/\/morfin.io\/wp-content\/uploads\/mega-creator-16.png\" alt=\"\" loading=\"lazy\" srcset=\"https:\/\/morfin.io\/wp-content\/uploads\/mega-creator-16.png 202w, https:\/\/morfin.io\/wp-content\/uploads\/mega-creator-16-150x150.png 150w, https:\/\/morfin.io\/wp-content\/uploads\/mega-creator-16-12x12.png 12w\" sizes=\"(max-width: 202px) 100vw, 202px\" \/>\t\t\t\t\t\t\t\t\t\t\t\t\t\t\t<\/p>\n<p style=\"text-align: center;\"><strong>03<\/strong><\/p>\n<h3 style=\"text-align: center;\">Interactive Elements<\/h3>\n<p style=\"text-align: center;\"><strong>Morfin.io&#8217;s interactive features, such as mini challenges, make the employee engagement survey experience more engaging and enjoyable. These elements promote active involvement and improve the quality of responses.\u00a0\u00a0<\/strong><\/p>\n<h1>No borders and no limits<\/h1>\n<p style=\"text-align: left;\">Morfin.io supports over 10 languages worldwide. That means you can receive feedback from the sales team from Spain, interact with the development team from Chicago, or resolve a problem with an employee from Sweden anytime you want. Sign up now to learn how to get more insight over the company&#8217;s employees.<\/p>\n<p>\t\t\t\t\t\t\t\t\t\t\t\t\t\t\t<img decoding=\"async\" width=\"450\" height=\"450\" src=\"https:\/\/morfin.io\/wp-content\/uploads\/Blank-Template-Instagram-Stories-11.jpg\" alt=\"\" loading=\"lazy\" srcset=\"https:\/\/morfin.io\/wp-content\/uploads\/Blank-Template-Instagram-Stories-11.jpg 450w, https:\/\/morfin.io\/wp-content\/uploads\/Blank-Template-Instagram-Stories-11-300x300.jpg 300w, https:\/\/morfin.io\/wp-content\/uploads\/Blank-Template-Instagram-Stories-11-150x150.jpg 150w, https:\/\/morfin.io\/wp-content\/uploads\/Blank-Template-Instagram-Stories-11-12x12.jpg 12w\" sizes=\"(max-width: 450px) 100vw, 450px\" \/>\t\t\t\t\t\t\t\t\t\t\t\t\t\t\t<\/p>\n<h1>Need more info?<\/h1>\n<p style=\"text-align: left;\"><strong>Dive deeper into what Morfin.io can offer or clarify any queries you might have. Drop your contact details below, and our dedicated team will be in touch soon. Let&#8217;s embark on this journey together!<\/strong><\/p>\n<p role=\"status\" aria-live=\"polite\" aria-atomic=\"true\">\n<ul><\/ul>\n<form action=\"\/ro\/wp-admin\/admin-ajax.php\/#wpcf7-f6-o3\" method=\"post\" aria-label=\"Contact form\" novalidate=\"novalidate\" data-status=\"init\" data-trp-original-action=\"\/wp-admin\/admin-ajax.php#wpcf7-f6-o3\">\n<input type=\"hidden\" name=\"_wpcf7\" value=\"6\" \/><br \/>\n<input type=\"hidden\" name=\"_wpcf7_version\" value=\"5.7.7\" \/><br \/>\n<input type=\"hidden\" name=\"_wpcf7_locale\" value=\"en_US\" \/><br \/>\n<input type=\"hidden\" name=\"_wpcf7_unit_tag\" value=\"wpcf7-f6-o3\" \/><br \/>\n<input type=\"hidden\" name=\"_wpcf7_container_post\" value=\"0\" \/><br \/>\n<input type=\"hidden\" name=\"_wpcf7_posted_data_hash\" value=\"\" \/><br \/>\n<input type=\"hidden\" name=\"_morfin_rb\" value=\"\" \/><br \/>\n<input type=\"hidden\" name=\"_morfin_rfl\" value=\"715834\" \/><br \/>\n<input type=\"hidden\" name=\"morfin_rpl\" value=\"993524\" \/><br \/>\n<input type=\"hidden\" name=\"morfin_x_rpl\" value=\"\" \/><br \/>\n<input type=\"hidden\" name=\"_wpcf7_recaptcha_response\" value=\"\" \/><input type=\"hidden\" name=\"trp-form-language\" value=\"ro\"\/><\/p>\n<p><label> Your Name (required)<br \/>\n<input size=\"40\" aria-required=\"true\" aria-invalid=\"false\" value=\"\" type=\"text\" name=\"your-name\" \/> <\/label>\n<\/p>\n<p><label> Your Email (required)<br \/>\n<input size=\"40\" aria-required=\"true\" aria-invalid=\"false\" value=\"\" type=\"email\" name=\"your-email\" \/> <\/label>\n<\/p>\n<p><label> Subject<br \/>\n<input size=\"40\" aria-invalid=\"false\" value=\"\" type=\"text\" name=\"your-subject\" \/> <\/label>\n<\/p>\n<p><label> Your Message<br \/>\n<textarea cols=\"40\" rows=\"10\" aria-invalid=\"false\" name=\"your-message\"><\/textarea> <\/label>\n<\/p>\n<p><input type=\"submit\" value=\"Trimite\" \/>\n<\/p>\n<\/form>","protected":false},"excerpt":{"rendered":"<p>Scan the QR code, Download\u00a0the app and Scan the QR code again to Try it for FREE Click the button, Download\u00a0the app and Click the button again to Try it for FREE Try Morfin.io Feel the beat, save the buck Tap into the pulse of real-time insights and watch as it translates to tangible savings. &#8230;<\/p>","protected":false},"author":1,"featured_media":6746,"parent":0,"menu_order":0,"comment_status":"closed","ping_status":"closed","template":"elementor_canvas","meta":{"_monsterinsights_skip_tracking":false,"_monsterinsights_sitenote_active":false,"_monsterinsights_sitenote_note":"","_monsterinsights_sitenote_category":0,"footnotes":""},"class_list":["post-6723","page","type-page","status-publish","has-post-thumbnail","hentry"],"yoast_head":"<!-- This site is optimized with the Yoast SEO plugin v23.3 - https:\/\/yoast.com\/wordpress\/plugins\/seo\/ -->\n<title>Employee Pulse Survey<\/title>\n<meta name=\"description\" content=\"Employee pulse survey with Morfin.io: Harness real-time feedback, boost engagement, and drive impactful decisions.\" \/>\n<meta name=\"robots\" content=\"index, follow, max-snippet:-1, max-image-preview:large, max-video-preview:-1\" \/>\n<link rel=\"canonical\" href=\"https:\/\/morfin.io\/ro\/employee-pulse-survey\/\" \/>\n<meta property=\"og:locale\" content=\"ro_RO\" \/>\n<meta property=\"og:type\" content=\"article\" \/>\n<meta property=\"og:title\" content=\"Employee Pulse Survey\" \/>\n<meta property=\"og:description\" content=\"Employee pulse survey with Morfin.io: Harness real-time feedback, boost engagement, and drive impactful decisions.\" \/>\n<meta property=\"og:url\" content=\"https:\/\/morfin.io\/ro\/employee-pulse-survey\/\" \/>\n<meta property=\"og:site_name\" content=\"morfin\" \/>\n<meta property=\"article:publisher\" content=\"https:\/\/www.facebook.com\/morfindotio\/\" \/>\n<meta property=\"article:modified_time\" content=\"2023-10-06T06:43:33+00:00\" \/>\n<meta property=\"og:image\" content=\"https:\/\/morfin.io\/wp-content\/uploads\/Untitled-Project-8.jpg\" \/>\n\t<meta property=\"og:image:width\" content=\"450\" \/>\n\t<meta property=\"og:image:height\" content=\"350\" \/>\n\t<meta property=\"og:image:type\" content=\"image\/jpeg\" \/>\n<meta name=\"twitter:card\" content=\"summary_large_image\" \/>\n<meta name=\"twitter:site\" content=\"@morfindotio\" \/>\n<meta name=\"twitter:label1\" content=\"Timp estimat pentru citire\" \/>\n\t<meta name=\"twitter:data1\" content=\"4 minute\" \/>\n<script type=\"application\/ld+json\" class=\"yoast-schema-graph\">{\"@context\":\"https:\/\/schema.org\",\"@graph\":[{\"@type\":\"WebPage\",\"@id\":\"https:\/\/morfin.io\/employee-pulse-survey\/\",\"url\":\"https:\/\/morfin.io\/employee-pulse-survey\/\",\"name\":\"Employee Pulse Survey\",\"isPartOf\":{\"@id\":\"https:\/\/morfin.io\/#website\"},\"primaryImageOfPage\":{\"@id\":\"https:\/\/morfin.io\/employee-pulse-survey\/#primaryimage\"},\"image\":{\"@id\":\"https:\/\/morfin.io\/employee-pulse-survey\/#primaryimage\"},\"thumbnailUrl\":\"https:\/\/morfin.io\/wp-content\/uploads\/Untitled-Project-8.jpg\",\"datePublished\":\"2023-09-29T10:50:08+00:00\",\"dateModified\":\"2023-10-06T06:43:33+00:00\",\"description\":\"Employee pulse survey with Morfin.io: Harness real-time feedback, boost engagement, and drive impactful decisions.\",\"breadcrumb\":{\"@id\":\"https:\/\/morfin.io\/employee-pulse-survey\/#breadcrumb\"},\"inLanguage\":\"ro-RO\",\"potentialAction\":[{\"@type\":\"ReadAction\",\"target\":[\"https:\/\/morfin.io\/employee-pulse-survey\/\"]}]},{\"@type\":\"ImageObject\",\"inLanguage\":\"ro-RO\",\"@id\":\"https:\/\/morfin.io\/employee-pulse-survey\/#primaryimage\",\"url\":\"https:\/\/morfin.io\/wp-content\/uploads\/Untitled-Project-8.jpg\",\"contentUrl\":\"https:\/\/morfin.io\/wp-content\/uploads\/Untitled-Project-8.jpg\",\"width\":450,\"height\":350},{\"@type\":\"BreadcrumbList\",\"@id\":\"https:\/\/morfin.io\/employee-pulse-survey\/#breadcrumb\",\"itemListElement\":[{\"@type\":\"ListItem\",\"position\":1,\"name\":\"Home\",\"item\":\"https:\/\/morfin.io\/\"},{\"@type\":\"ListItem\",\"position\":2,\"name\":\"Employee Pulse Survey\"}]},{\"@type\":\"WebSite\",\"@id\":\"https:\/\/morfin.io\/#website\",\"url\":\"https:\/\/morfin.io\/\",\"name\":\"morfin\",\"description\":\"Gamify your life\",\"potentialAction\":[{\"@type\":\"SearchAction\",\"target\":{\"@type\":\"EntryPoint\",\"urlTemplate\":\"https:\/\/morfin.io\/?s={search_term_string}\"},\"query-input\":\"required name=search_term_string\"}],\"inLanguage\":\"ro-RO\"}]}<\/script>\n<!-- \/ Yoast SEO plugin. -->","yoast_head_json":{"title":"Employee Pulse Survey","description":"Employee pulse survey with Morfin.io: Harness real-time feedback, boost engagement, and drive impactful decisions.","robots":{"index":"index","follow":"follow","max-snippet":"max-snippet:-1","max-image-preview":"max-image-preview:large","max-video-preview":"max-video-preview:-1"},"canonical":"https:\/\/morfin.io\/ro\/employee-pulse-survey\/","og_locale":"ro_RO","og_type":"article","og_title":"Employee Pulse Survey","og_description":"Employee pulse survey with Morfin.io: Harness real-time feedback, boost engagement, and drive impactful decisions.","og_url":"https:\/\/morfin.io\/ro\/employee-pulse-survey\/","og_site_name":"morfin","article_publisher":"https:\/\/www.facebook.com\/morfindotio\/","article_modified_time":"2023-10-06T06:43:33+00:00","og_image":[{"width":450,"height":350,"url":"https:\/\/morfin.io\/wp-content\/uploads\/Untitled-Project-8.jpg","type":"image\/jpeg"}],"twitter_card":"summary_large_image","twitter_site":"@morfindotio","twitter_misc":{"Timp estimat pentru citire":"4 minute"},"schema":{"@context":"https:\/\/schema.org","@graph":[{"@type":"WebPage","@id":"https:\/\/morfin.io\/employee-pulse-survey\/","url":"https:\/\/morfin.io\/employee-pulse-survey\/","name":"Employee Pulse Survey","isPartOf":{"@id":"https:\/\/morfin.io\/#website"},"primaryImageOfPage":{"@id":"https:\/\/morfin.io\/employee-pulse-survey\/#primaryimage"},"image":{"@id":"https:\/\/morfin.io\/employee-pulse-survey\/#primaryimage"},"thumbnailUrl":"https:\/\/morfin.io\/wp-content\/uploads\/Untitled-Project-8.jpg","datePublished":"2023-09-29T10:50:08+00:00","dateModified":"2023-10-06T06:43:33+00:00","description":"Employee pulse survey with Morfin.io: Harness real-time feedback, boost engagement, and drive impactful decisions.","breadcrumb":{"@id":"https:\/\/morfin.io\/employee-pulse-survey\/#breadcrumb"},"inLanguage":"ro-RO","potentialAction":[{"@type":"ReadAction","target":["https:\/\/morfin.io\/employee-pulse-survey\/"]}]},{"@type":"ImageObject","inLanguage":"ro-RO","@id":"https:\/\/morfin.io\/employee-pulse-survey\/#primaryimage","url":"https:\/\/morfin.io\/wp-content\/uploads\/Untitled-Project-8.jpg","contentUrl":"https:\/\/morfin.io\/wp-content\/uploads\/Untitled-Project-8.jpg","width":450,"height":350},{"@type":"BreadcrumbList","@id":"https:\/\/morfin.io\/employee-pulse-survey\/#breadcrumb","itemListElement":[{"@type":"ListItem","position":1,"name":"Home","item":"https:\/\/morfin.io\/"},{"@type":"ListItem","position":2,"name":"Employee Pulse Survey"}]},{"@type":"WebSite","@id":"https:\/\/morfin.io\/#website","url":"https:\/\/morfin.io\/","name":"morfin","description":"Gamify your life","potentialAction":[{"@type":"SearchAction","target":{"@type":"EntryPoint","urlTemplate":"https:\/\/morfin.io\/?s={search_term_string}"},"query-input":"required name=search_term_string"}],"inLanguage":"ro-RO"}]}},"_links":{"self":[{"href":"https:\/\/morfin.io\/ro\/wp-json\/wp\/v2\/pages\/6723"}],"collection":[{"href":"https:\/\/morfin.io\/ro\/wp-json\/wp\/v2\/pages"}],"about":[{"href":"https:\/\/morfin.io\/ro\/wp-json\/wp\/v2\/types\/page"}],"author":[{"embeddable":true,"href":"https:\/\/morfin.io\/ro\/wp-json\/wp\/v2\/users\/1"}],"replies":[{"embeddable":true,"href":"https:\/\/morfin.io\/ro\/wp-json\/wp\/v2\/comments?post=6723"}],"version-history":[{"count":80,"href":"https:\/\/morfin.io\/ro\/wp-json\/wp\/v2\/pages\/6723\/revisions"}],"predecessor-version":[{"id":6906,"href":"https:\/\/morfin.io\/ro\/wp-json\/wp\/v2\/pages\/6723\/revisions\/6906"}],"wp:featuredmedia":[{"embeddable":true,"href":"https:\/\/morfin.io\/ro\/wp-json\/wp\/v2\/media\/6746"}],"wp:attachment":[{"href":"https:\/\/morfin.io\/ro\/wp-json\/wp\/v2\/media?parent=6723"}],"curies":[{"name":"wp","href":"https:\/\/api.w.org\/{rel}","templated":true}]}}