{"id":5800,"date":"2023-07-27T13:46:23","date_gmt":"2023-07-27T13:46:23","guid":{"rendered":"https:\/\/morfin.io\/?page_id=5800"},"modified":"2023-09-13T09:04:48","modified_gmt":"2023-09-13T09:04:48","slug":"free-gamification-platform","status":"publish","type":"page","link":"https:\/\/morfin.io\/ro\/free-gamification-platform\/","title":{"rendered":"Free Trial"},"content":{"rendered":"<h2>Free Gamification Platform<\/h2>\n<p>Alege un Caz:<\/p>\n<p>&nbsp;<\/p>\n<style>\n        \/* Custom CSS for checkboxes *\/<br \/>        input[type=\"checkbox\"] {<br \/>            appearance: none;<br \/>            -webkit-appearance: none;<br \/>            -moz-appearance: none;<br \/>            width: 30px;<br \/>            height: 30px;<br \/>            border: 2px solid #000;<br \/>            background-color: #000;<br \/>            border-radius: 50%;<br \/>            outline: none;<br \/>            margin-right: 10px;<br \/>        }<br \/>        input[type=\"checkbox\"]:hover {<br \/>            background-color: #9464e4;<br \/>        }<br \/>        input[type=\"checkbox\"]:checked {<br \/>            background-color: #9464e4;<br \/>        }<br \/>        label {<br \/>            display: inline-flex;<br \/>            align-items: center;<br \/>            font-size: 18px;<br \/>            font-weight: bold;<br \/>            padding: 10px;<br \/>            border-radius: 20px;<br \/>            margin: 10px 0;<br \/>            cursor: pointer;<br \/>            text-shadow: -1px -1px 1px #000, 1px -1px 1px #000, -1px 1px 1px #000, 1px 1px 1px #000;<br \/>        }<br \/>    <\/style>\n<form action=\"\"><label><br \/>\n<input name=\"scenario\" type=\"checkbox\" value=\"Green Mobility\" \/><br \/>\nGreen Mobility<br \/>\n<\/label><br \/>\n<label><br \/>\n<input name=\"scenario\" type=\"checkbox\" value=\"Employee Engagement Survey\" \/><br \/>\nEmployee Engagement Survey<br \/>\n<\/label><br \/>\n<label><br \/>\n<input name=\"scenario\" type=\"checkbox\" value=\"Cyber Security Awareness Training\" \/><br \/>\nCyber Security Awareness Training<br \/>\n<\/label><br \/>\n<label><br \/>\n<input name=\"scenario\" type=\"checkbox\" value=\"Employee Recognition\" \/><br \/>\nEmployee Recognition<br \/>\n<\/label><input type=\"hidden\" name=\"trp-form-language\" value=\"ro\"\/><\/form>\n<p>&nbsp;<\/p>\n<p><a href=\"https:\/\/morfin.io\/ro\/step-1-free-trial\/\"><br \/>\n\u00ceNCERC\u0102 GRATUIT<br \/>\n<\/a><\/p>\n<h2>Alege un Caz:<\/h2>\n<p>&nbsp;<\/p>\n<style>\n        \/* Custom CSS for checkboxes *\/<br \/>        input[type=\"checkbox\"] {<br \/>            appearance: none;<br \/>            -webkit-appearance: none;<br \/>            -moz-appearance: none;<br \/>            width: 30px;<br \/>            height: 30px;<br \/>            border: 2px solid #000;<br \/>            background-color: #000;<br \/>            border-radius: 50%;<br \/>            outline: none;<br \/>            margin-right: 10px;<br \/>        }<br \/>        input[type=\"checkbox\"]:hover {<br \/>            background-color: #9464e4;<br \/>        }<br \/>        input[type=\"checkbox\"]:checked {<br \/>            background-color: #9464e4;<br \/>        }<br \/>        label {<br \/>            display: inline-flex;<br \/>            align-items: center;<br \/>            font-size: 18px;<br \/>            font-weight: bold;<br \/>            padding: 10px;<br \/>            border-radius: 20px;<br \/>            margin: 10px 0;<br \/>            cursor: pointer;<br \/>            text-shadow: -1px -1px 1px #000, 1px -1px 1px #000, -1px 1px 1px #000, 1px 1px 1px #000;<br \/>        }<br \/>    <\/style>\n<form action=\"\"><label><br \/>\n<input name=\"scenario\" type=\"checkbox\" value=\"Green Mobility\" \/><br \/>\nGreen Mobility<br \/>\n<\/label><br \/>\n<label><br \/>\n<input name=\"scenario\" type=\"checkbox\" value=\"Employee Engagement Survey\" \/><br \/>\nEmployee Engagement Survey<br \/>\n<\/label><br \/>\n<label><br \/>\n<input name=\"scenario\" type=\"checkbox\" value=\"Cyber Security Awareness Training\" \/><br \/>\nCyber Security Awareness Training<br \/>\n<\/label><br \/>\n<label><br \/>\n<input name=\"scenario\" type=\"checkbox\" value=\"Employee Recognition\" \/><br \/>\nEmployee Recognition<br \/>\n<\/label><input type=\"hidden\" name=\"trp-form-language\" value=\"ro\"\/><\/form>\n<p>&nbsp;<\/p>\n<p><a href=\"https:\/\/morfin.io\/ro\/step-1-free-trial\/\"><br \/>\n\u00ceNCERC\u0102 GRATUIT<br \/>\n<\/a><\/p>\n<h2>Free Gamification Platform &#8211; Demo Videos<\/h2>\n<h2>Green Mobility<\/h2>\n<p>Aceast\u0103 ini\u021biativ\u0103 a fost creat\u0103 ca un ajutor pentru companii sau institu\u021bii pentru a educa \u0219i motiva angaja\u021bii s\u0103 aleag\u0103 modalit\u0103\u021bi mai ecologice de a face naveta la locul de munc\u0103.<\/p>\n<div style=\"width: 640px;\" class=\"wp-video\"><!--[if lt IE 9]><script>document.createElement('video');<\/script><![endif]-->\n<video class=\"wp-video-shortcode\" id=\"video-5800-1\" width=\"640\" height=\"360\" preload=\"metadata\" controls=\"controls\"><source type=\"video\/mp4\" src=\"https:\/\/morfin.io\/wp-content\/uploads\/en-green-mobility-2.mp4?_=1\" \/><a href=\"https:\/\/morfin.io\/wp-content\/uploads\/en-green-mobility-2.mp4\">https:\/\/morfin.io\/wp-content\/uploads\/en-green-mobility-2.mp4<\/a><\/video><\/div>\n<h2>Employee Engagement Survey<\/h2>\n<p>Acest caz de utilizare este creat \u00een jurul metodei <a href=\"https:\/\/www.qualtrics.com\/uk\/experience-management\/employee\/pulse-surveys\/?rid=ip&amp;prevsite=en&amp;newsite=uk&amp;geo=RO&amp;geomatch=uk\">pulse survey<\/a> \u2013 un set scurt, regulat \u0219i specific de \u00eentreb\u0103ri trimise angaja\u021bilor.<\/p>\n<div style=\"width: 640px;\" class=\"wp-video\"><video class=\"wp-video-shortcode\" id=\"video-5800-2\" width=\"640\" height=\"360\" preload=\"metadata\" controls=\"controls\"><source type=\"video\/mp4\" src=\"https:\/\/morfin.io\/wp-content\/uploads\/en-pulse-survey.mp4?_=2\" \/><a href=\"https:\/\/morfin.io\/wp-content\/uploads\/en-pulse-survey.mp4\">https:\/\/morfin.io\/wp-content\/uploads\/en-pulse-survey.mp4<\/a><\/video><\/div>\n<h2>Cyber Security Awareness Training<\/h2>\n<p>Acesta este un exemplu de cum <a href=\"https:\/\/morfin.io\/ro\/\">platforma noastra<\/a> poate fi folosit\u0103 pentru a crea programe de \u00eenv\u0103\u021bare \u0219i formare sau pentru a motiva cursan\u021bii s\u0103-l foloseasc\u0103 pe cel pe care compania \u00eel are \u00een vigoare.<\/p>\n<div style=\"width: 640px;\" class=\"wp-video\"><video class=\"wp-video-shortcode\" id=\"video-5800-3\" width=\"640\" height=\"360\" preload=\"metadata\" controls=\"controls\"><source type=\"video\/mp4\" src=\"https:\/\/morfin.io\/wp-content\/uploads\/en-learning-yt.mp4?_=3\" \/><a href=\"https:\/\/morfin.io\/wp-content\/uploads\/en-learning-yt.mp4\">https:\/\/morfin.io\/wp-content\/uploads\/en-learning-yt.mp4<\/a><\/video><\/div>\n<h2>Employee Recognition<\/h2>\n<p>Implementarea acestei solu\u021bii cu echipa dvs. va cre\u0219te implicarea, competen\u021ba \u0219i colaborarea acestora.<\/p>\n<div style=\"width: 640px;\" class=\"wp-video\"><video class=\"wp-video-shortcode\" id=\"video-5800-4\" width=\"640\" height=\"360\" preload=\"metadata\" controls=\"controls\"><source type=\"video\/mp4\" src=\"https:\/\/morfin.io\/wp-content\/uploads\/en-recognition.mp4?_=4\" \/><a href=\"https:\/\/morfin.io\/wp-content\/uploads\/en-recognition.mp4\">https:\/\/morfin.io\/wp-content\/uploads\/en-recognition.mp4<\/a><\/video><\/div><br \/>\n<a href=\"https:\/\/morfin.io\/ro\/step-1-free-trial\/\"><br \/>\n\u00ceNCERC\u0102 GRATUIT<br \/>\n<\/a><\/p>","protected":false},"excerpt":{"rendered":"<p>Free Gamification Platform Choose a Use Case: &nbsp; Green Mobility Employee Engagement Survey Cyber Security Awareness Training Employee Recognition &nbsp; TRY FOR FREE Choose a Use Case: &nbsp; Green Mobility Employee Engagement Survey Cyber Security Awareness Training Employee Recognition &nbsp; TRY FOR FREE Free Gamification Platform &#8211; Demo Videos Green Mobility This initiative was created &#8230;<\/p>","protected":false},"author":1,"featured_media":5802,"parent":0,"menu_order":0,"comment_status":"closed","ping_status":"closed","template":"elementor_canvas","meta":{"_monsterinsights_skip_tracking":false,"_monsterinsights_sitenote_active":false,"_monsterinsights_sitenote_note":"","_monsterinsights_sitenote_category":0,"footnotes":""},"class_list":["post-5800","page","type-page","status-publish","has-post-thumbnail","hentry"],"yoast_head":"<!-- This site is optimized with the Yoast SEO plugin v23.3 - https:\/\/yoast.com\/wordpress\/plugins\/seo\/ -->\n<title>Free Gamification Platform<\/title>\n<meta name=\"description\" content=\"Try for Free our gamification platform! Level up your productivity and engagement with our app. Sign up now for free. Game on!\" \/>\n<meta name=\"robots\" content=\"index, follow, max-snippet:-1, max-image-preview:large, max-video-preview:-1\" \/>\n<link rel=\"canonical\" href=\"https:\/\/morfin.io\/ro\/free-gamification-platform\/\" \/>\n<meta property=\"og:locale\" content=\"ro_RO\" \/>\n<meta property=\"og:type\" content=\"article\" \/>\n<meta property=\"og:title\" content=\"Free Gamification Platform\" \/>\n<meta property=\"og:description\" content=\"Try for Free our gamification platform! Level up your productivity and engagement with our app. Sign up now for free. Game on!\" \/>\n<meta property=\"og:url\" content=\"https:\/\/morfin.io\/ro\/free-gamification-platform\/\" \/>\n<meta property=\"og:site_name\" content=\"morfin\" \/>\n<meta property=\"article:publisher\" content=\"https:\/\/www.facebook.com\/morfindotio\/\" \/>\n<meta property=\"article:modified_time\" content=\"2023-09-13T09:04:48+00:00\" \/>\n<meta property=\"og:image\" content=\"https:\/\/morfin.io\/wp-content\/uploads\/Blank-Template-Posters-57-scaled.jpg\" \/>\n\t<meta property=\"og:image:width\" content=\"2560\" \/>\n\t<meta property=\"og:image:height\" content=\"2560\" \/>\n\t<meta property=\"og:image:type\" content=\"image\/jpeg\" \/>\n<meta name=\"twitter:card\" content=\"summary_large_image\" \/>\n<meta name=\"twitter:site\" content=\"@morfindotio\" \/>\n<meta name=\"twitter:label1\" content=\"Timp estimat pentru citire\" \/>\n\t<meta name=\"twitter:data1\" content=\"1 minut\" \/>\n<script type=\"application\/ld+json\" class=\"yoast-schema-graph\">{\"@context\":\"https:\/\/schema.org\",\"@graph\":[{\"@type\":\"WebPage\",\"@id\":\"https:\/\/morfin.io\/free-gamification-platform\/\",\"url\":\"https:\/\/morfin.io\/free-gamification-platform\/\",\"name\":\"Free Gamification Platform\",\"isPartOf\":{\"@id\":\"https:\/\/morfin.io\/#website\"},\"primaryImageOfPage\":{\"@id\":\"https:\/\/morfin.io\/free-gamification-platform\/#primaryimage\"},\"image\":{\"@id\":\"https:\/\/morfin.io\/free-gamification-platform\/#primaryimage\"},\"thumbnailUrl\":\"https:\/\/morfin.io\/wp-content\/uploads\/Blank-Template-Posters-57-scaled.jpg\",\"datePublished\":\"2023-07-27T13:46:23+00:00\",\"dateModified\":\"2023-09-13T09:04:48+00:00\",\"description\":\"Try for Free our gamification platform! Level up your productivity and engagement with our app. Sign up now for free. Game on!\",\"breadcrumb\":{\"@id\":\"https:\/\/morfin.io\/free-gamification-platform\/#breadcrumb\"},\"inLanguage\":\"ro-RO\",\"potentialAction\":[{\"@type\":\"ReadAction\",\"target\":[\"https:\/\/morfin.io\/free-gamification-platform\/\"]}]},{\"@type\":\"ImageObject\",\"inLanguage\":\"ro-RO\",\"@id\":\"https:\/\/morfin.io\/free-gamification-platform\/#primaryimage\",\"url\":\"https:\/\/morfin.io\/wp-content\/uploads\/Blank-Template-Posters-57-scaled.jpg\",\"contentUrl\":\"https:\/\/morfin.io\/wp-content\/uploads\/Blank-Template-Posters-57-scaled.jpg\",\"width\":2560,\"height\":2560,\"caption\":\"free gamification platform\"},{\"@type\":\"BreadcrumbList\",\"@id\":\"https:\/\/morfin.io\/free-gamification-platform\/#breadcrumb\",\"itemListElement\":[{\"@type\":\"ListItem\",\"position\":1,\"name\":\"Home\",\"item\":\"https:\/\/morfin.io\/\"},{\"@type\":\"ListItem\",\"position\":2,\"name\":\"Free Trial\"}]},{\"@type\":\"WebSite\",\"@id\":\"https:\/\/morfin.io\/#website\",\"url\":\"https:\/\/morfin.io\/\",\"name\":\"morfin\",\"description\":\"Gamify your life\",\"potentialAction\":[{\"@type\":\"SearchAction\",\"target\":{\"@type\":\"EntryPoint\",\"urlTemplate\":\"https:\/\/morfin.io\/?s={search_term_string}\"},\"query-input\":\"required name=search_term_string\"}],\"inLanguage\":\"ro-RO\"}]}<\/script>\n<!-- \/ Yoast SEO plugin. -->","yoast_head_json":{"title":"Free Gamification Platform","description":"Try for Free our gamification platform! Level up your productivity and engagement with our app. Sign up now for free. Game on!","robots":{"index":"index","follow":"follow","max-snippet":"max-snippet:-1","max-image-preview":"max-image-preview:large","max-video-preview":"max-video-preview:-1"},"canonical":"https:\/\/morfin.io\/ro\/free-gamification-platform\/","og_locale":"ro_RO","og_type":"article","og_title":"Free Gamification Platform","og_description":"Try for Free our gamification platform! Level up your productivity and engagement with our app. Sign up now for free. Game on!","og_url":"https:\/\/morfin.io\/ro\/free-gamification-platform\/","og_site_name":"morfin","article_publisher":"https:\/\/www.facebook.com\/morfindotio\/","article_modified_time":"2023-09-13T09:04:48+00:00","og_image":[{"width":2560,"height":2560,"url":"https:\/\/morfin.io\/wp-content\/uploads\/Blank-Template-Posters-57-scaled.jpg","type":"image\/jpeg"}],"twitter_card":"summary_large_image","twitter_site":"@morfindotio","twitter_misc":{"Timp estimat pentru citire":"1 minut"},"schema":{"@context":"https:\/\/schema.org","@graph":[{"@type":"WebPage","@id":"https:\/\/morfin.io\/free-gamification-platform\/","url":"https:\/\/morfin.io\/free-gamification-platform\/","name":"Free Gamification Platform","isPartOf":{"@id":"https:\/\/morfin.io\/#website"},"primaryImageOfPage":{"@id":"https:\/\/morfin.io\/free-gamification-platform\/#primaryimage"},"image":{"@id":"https:\/\/morfin.io\/free-gamification-platform\/#primaryimage"},"thumbnailUrl":"https:\/\/morfin.io\/wp-content\/uploads\/Blank-Template-Posters-57-scaled.jpg","datePublished":"2023-07-27T13:46:23+00:00","dateModified":"2023-09-13T09:04:48+00:00","description":"Try for Free our gamification platform! Level up your productivity and engagement with our app. Sign up now for free. Game on!","breadcrumb":{"@id":"https:\/\/morfin.io\/free-gamification-platform\/#breadcrumb"},"inLanguage":"ro-RO","potentialAction":[{"@type":"ReadAction","target":["https:\/\/morfin.io\/free-gamification-platform\/"]}]},{"@type":"ImageObject","inLanguage":"ro-RO","@id":"https:\/\/morfin.io\/free-gamification-platform\/#primaryimage","url":"https:\/\/morfin.io\/wp-content\/uploads\/Blank-Template-Posters-57-scaled.jpg","contentUrl":"https:\/\/morfin.io\/wp-content\/uploads\/Blank-Template-Posters-57-scaled.jpg","width":2560,"height":2560,"caption":"free gamification platform"},{"@type":"BreadcrumbList","@id":"https:\/\/morfin.io\/free-gamification-platform\/#breadcrumb","itemListElement":[{"@type":"ListItem","position":1,"name":"Home","item":"https:\/\/morfin.io\/"},{"@type":"ListItem","position":2,"name":"Free Trial"}]},{"@type":"WebSite","@id":"https:\/\/morfin.io\/#website","url":"https:\/\/morfin.io\/","name":"morfin","description":"Gamify your life","potentialAction":[{"@type":"SearchAction","target":{"@type":"EntryPoint","urlTemplate":"https:\/\/morfin.io\/?s={search_term_string}"},"query-input":"required name=search_term_string"}],"inLanguage":"ro-RO"}]}},"_links":{"self":[{"href":"https:\/\/morfin.io\/ro\/wp-json\/wp\/v2\/pages\/5800"}],"collection":[{"href":"https:\/\/morfin.io\/ro\/wp-json\/wp\/v2\/pages"}],"about":[{"href":"https:\/\/morfin.io\/ro\/wp-json\/wp\/v2\/types\/page"}],"author":[{"embeddable":true,"href":"https:\/\/morfin.io\/ro\/wp-json\/wp\/v2\/users\/1"}],"replies":[{"embeddable":true,"href":"https:\/\/morfin.io\/ro\/wp-json\/wp\/v2\/comments?post=5800"}],"version-history":[{"count":200,"href":"https:\/\/morfin.io\/ro\/wp-json\/wp\/v2\/pages\/5800\/revisions"}],"predecessor-version":[{"id":6692,"href":"https:\/\/morfin.io\/ro\/wp-json\/wp\/v2\/pages\/5800\/revisions\/6692"}],"wp:featuredmedia":[{"embeddable":true,"href":"https:\/\/morfin.io\/ro\/wp-json\/wp\/v2\/media\/5802"}],"wp:attachment":[{"href":"https:\/\/morfin.io\/ro\/wp-json\/wp\/v2\/media?parent=5800"}],"curies":[{"name":"wp","href":"https:\/\/api.w.org\/{rel}","templated":true}]}}