{"id":4652,"date":"2020-07-12T12:13:53","date_gmt":"2020-07-12T12:13:53","guid":{"rendered":"https:\/\/morfin.io\/?page_id=4652"},"modified":"2020-07-13T08:08:42","modified_gmt":"2020-07-13T08:08:42","slug":"ikids","status":"publish","type":"page","link":"https:\/\/morfin.io\/ro\/ikids\/","title":{"rendered":"iKIDS"},"content":{"rendered":"<div class=\"wpb-content-wrapper\"><div data-vc-full-width=\"true\" data-vc-full-width-init=\"false\" data-vc-stretch-content=\"true\" class=\"vc_row wpb_row vc_row-fluid vc_row-no-padding\" style=\"\"><div class=\"wpb_column vc_column_container vc_col-sm-12 vc_col-lg-5 vc_col-md-6  margin-lg-100t margin-md-30t margin-sm-50b\"><div class=\"vc_column-inner\"><div class=\"wpb_wrapper\"><\/div><\/div><\/div><\/div><div class=\"vc_row-full-width vc_clearfix\"><\/div><div class=\"vc_row wpb_row vc_row-fluid\" style=\"\"><div class=\"wpb_column vc_column_container vc_col-sm-12\"><div class=\"vc_column-inner\"><div class=\"wpb_wrapper\">[pixxy_headings style=&#8221;bg_title&#8221; bg_title=&#8221;Recompense&#8221; title=&#8221;Jocul responsabilit\u0103\u021bilor&#8221; delimiter=&#8221;yes&#8221; animation_fade=&#8221;true&#8221;]<\/div><\/div><\/div><\/div><div class=\"vc_row wpb_row vc_row-fluid  margin-lg-60t margin-sm-20t\" style=\"\"><div class=\"wpb_column vc_column_container vc_col-sm-12 vc_col-md-offset-1 vc_col-md-6\"><div class=\"vc_column-inner\"><div class=\"wpb_wrapper\">\n\t<div  class=\"wpb_single_image wpb_content_element vc_align_left wpb_content_element\">\n\t\t\n\t\t<figure class=\"wpb_wrapper vc_figure\">\n\t\t\t<div class=\"vc_single_image-wrapper vc_box_circle  vc_box_border_grey\"><img decoding=\"async\" class=\"vc_single_image-img\" src=\"https:\/\/morfin.io\/wp-content\/uploads\/mckaela-lee-grhjIuEAb_0-unsplash-3840x3840.jpg\" width=\"3840\" height=\"3840\" alt=\"mckaela-lee-grhjIuEAb_0-unsplash\" title=\"mckaela-lee-grhjIuEAb_0-unsplash\" loading=\"lazy\" \/><\/div>\n\t\t<\/figure>\n\t<\/div>\n<\/div><\/div><\/div><div class=\"wpb_column vc_column_container vc_col-sm-12 vc_col-md-5\"><div class=\"vc_column-inner\"><div class=\"wpb_wrapper\"><div class=\"vc_row wpb_row vc_inner vc_row-fluid\"><div class=\"wpb_column vc_column_container vc_col-sm-12\"><div class=\"vc_column-inner\"><div class=\"wpb_wrapper\">[pixxy_headings style=&#8221;simple&#8221; subtitle=&#8221;Misiuni \u0219i recompense &#8221; title=&#8221;Transform\u0103 treburile zilnice \u0219i responsabilit\u0103\u021bile copiilor \u00eentr-un <b>joc<\/b>&#8221; text_align=&#8221;text-left&#8221; btn_style=&#8221;a-btn&#8221;]<\/div><\/div><\/div><\/div>[pixxy_accordion items=&#8221;%5B%7B%22item_title%22%3A%22liste%20cu%20sarcini%20%22%2C%22item_description%22%3A%22fiecare%20copil%20prime%C8%99te%20o%20lista%20cu%20sarcini%20zilnice%20legate%20de%20scoala%2C%20igien%C4%83%20personal%C4%83%20sau%20comportamente%20s%C4%83n%C4%83toase%20pe%20care%20p%C4%83rin%C8%9Bii%20doresc%20sa%20le%20transforme%20in%20obiceiuri%22%7D%2C%7B%22item_title%22%3A%22alegi%20ce%20afisezi%20%22%2C%22item_description%22%3A%22F%C4%83-%C8%9Bi%20publice%20detaliile%20contului%20%C8%99i%20ofer%C4%83%20%C3%AEncredere%20donatorilor%20t%C4%83i!%20Este%20la%20latitudinea%20ta%20ce%20informa%C8%9Bii%20dore%C8%99ti%20s%C4%83%20partajezi%3A%20balan%C8%9Ba%2C%20tranzac%C8%9Bii%20cu%20sau%20f%C4%83r%C4%83%20detalii%20referitoare%20la%20identitatea%20beneficiarului%20pl%C4%83%C8%9Bilor.%22%7D%2C%7B%22item_title%22%3A%22ii%20protejezi%20pe%20cei%20care%20contribuie%22%2C%22item_description%22%3A%22%3Cb%3EDetaliile%20personale%3C%2Fb%3E%20sunt%20%C3%AEntotdeauna%20protejate.%20Doar%20informa%C8%9Biile%20financiare%20pot%20fi%20f%C4%83cute%20publice.%22%7D%2C%7B%22item_title%22%3A%22acces%20usor%20la%20informa%C8%9Bii%22%2C%22item_description%22%3A%22Donatorii%20t%C4%83i%20vor%20accesa%20informa%C8%9Biile%20partajate%20printr-o%20aplica%C8%9Bie%20mobil%C4%83.%20Ei%20vor%20primi%20acces%20fie%20la%20cerere%2C%20fie%20%C3%AEn%20mod%20automat%20prin%20men%C8%9Bionarea%20unei%20chei%20de%20identificare%20%C3%AEn%20detaliile%20tranzac%C8%9Biei%20de%20contribu%C8%9Bie.%22%7D%5D&#8221;]<\/div><\/div><\/div><\/div><div class=\"vc_row wpb_row vc_row-fluid  padding-lg-20t padding-lg-110b padding-md-60t padding-md-95b padding-sm-35t padding-sm-80b padding-xs-10t padding-xs-50b\" style=\"\"><div class=\"wpb_column vc_column_container vc_col-sm-12\"><div class=\"vc_column-inner vc_custom_1532697132631\"><div class=\"wpb_wrapper\">[pixxy_contacts style=&#8221;simple&#8221; title=&#8221;\u00eenscrie-te \u00een programul &#8220;early adopters&#8220;&#8221; btn_style=&#8221;a-btn-style-1&#8243; form=&#8221;190&#8243;]\u00ce\u021bi vom transmite un set complet de instructiuni c\u00e2nd programul devine disponibil.[\/pixxy_contacts]<\/div><\/div><\/div><\/div>\n<\/div>","protected":false},"excerpt":{"rendered":"[pixxy_headings style=\"bg_title\" bg_title=\"Recompense\" title=\"Jocul responsabilit\u0103\u021bilor\" delimiter=\"yes\" animation_fade=\"true\"] [pixxy_headings style=\"simple\" subtitle=\"Misiuni \u0219i recompense \" title=\"Transform\u0103 treburile zilnice \u0219i responsabilit\u0103\u021bile copiilor \u00eentr-un joc\" text_align=\"text-left\" btn_style=\"a-btn\"][pixxy_accordion items=\"%5B%7B%22item_title%22%3A%22liste%20cu%20sarcini%20%22%2C%22item_description%22%3A%22fiecare%20copil%20prime%C8%99te%20o%20lista%20cu%20sarcini%20zilnice%20legate%20de%20scoala%2C%20igien%C4%83%20personal%C4%83%20sau%20comportamente%20s%C4%83n%C4%83toase%20pe%20care%20p%C4%83rin%C8%9Bii%20doresc%20sa%20le%20transforme%20in%20obiceiuri%22%7D%2C%7B%22item_title%22%3A%22alegi%20ce%20afisezi%20%22%2C%22item_description%22%3A%22F%C4%83-%C8%9Bi%20publice%20detaliile%20contului%20%C8%99i%20ofer%C4%83%20%C3%AEncredere%20donatorilor%20t%C4%83i!%20Este%20la%20latitudinea%20ta%20ce%20informa%C8%9Bii%20dore%C8%99ti%20s%C4%83%20partajezi%3A%20balan%C8%9Ba%2C%20tranzac%C8%9Bii%20cu%20sau%20f%C4%83r%C4%83%20detalii%20referitoare%20la%20identitatea%20beneficiarului%20pl%C4%83%C8%9Bilor.%22%7D%2C%7B%22item_title%22%3A%22ii%20protejezi%20pe%20cei%20care%20contribuie%22%2C%22item_description%22%3A%22%3Cb%3EDetaliile%20personale%3C%2Fb%3E%20sunt%20%C3%AEntotdeauna%20protejate.%20Doar%20informa%C8%9Biile%20financiare%20pot%20fi%20f%C4%83cute%20publice.%22%7D%2C%7B%22item_title%22%3A%22acces%20usor%20la%20informa%C8%9Bii%22%2C%22item_description%22%3A%22Donatorii%20t%C4%83i%20vor%20accesa%20informa%C8%9Biile%20partajate%20printr-o%20aplica%C8%9Bie%20mobil%C4%83.%20Ei%20vor%20primi%20acces%20fie%20la%20cerere%2C%20fie%20%C3%AEn%20mod%20automat%20prin%20men%C8%9Bionarea%20unei%20chei%20de%20identificare%20%C3%AEn%20detaliile%20tranzac%C8%9Biei%20de%20contribu%C8%9Bie.%22%7D%5D\"][pixxy_contacts style=\"simple\" title=\"\u00eenscrie-te \u00een programul ``early adopters``\" btn_style=\"a-btn-style-1\" form=\"190\"]\u00ce\u021bi vom transmite un set complet de instructiuni c\u00e2nd programul devine disponibil.[\/pixxy_contacts]","protected":false},"author":1,"featured_media":0,"parent":0,"menu_order":0,"comment_status":"closed","ping_status":"closed","template":"","meta":{"_monsterinsights_skip_tracking":false,"_monsterinsights_sitenote_active":false,"_monsterinsights_sitenote_note":"","_monsterinsights_sitenote_category":0,"footnotes":""},"class_list":["post-4652","page","type-page","status-publish","hentry"],"yoast_head":"<!-- This site is optimized with the Yoast SEO plugin v23.3 - https:\/\/yoast.com\/wordpress\/plugins\/seo\/ -->\n<title>iKIDS - morfin<\/title>\n<meta name=\"robots\" content=\"index, follow, max-snippet:-1, max-image-preview:large, max-video-preview:-1\" \/>\n<link rel=\"canonical\" href=\"https:\/\/morfin.io\/ro\/ikids\/\" \/>\n<meta property=\"og:locale\" content=\"ro_RO\" \/>\n<meta property=\"og:type\" content=\"article\" \/>\n<meta property=\"og:title\" content=\"iKIDS - morfin\" \/>\n<meta property=\"og:url\" content=\"https:\/\/morfin.io\/ro\/ikids\/\" \/>\n<meta property=\"og:site_name\" content=\"morfin\" \/>\n<meta property=\"article:publisher\" content=\"https:\/\/www.facebook.com\/morfindotio\/\" \/>\n<meta property=\"article:modified_time\" content=\"2020-07-13T08:08:42+00:00\" \/>\n<meta name=\"twitter:card\" content=\"summary_large_image\" \/>\n<meta name=\"twitter:site\" content=\"@morfindotio\" \/>\n<meta name=\"twitter:label1\" content=\"Timp estimat pentru citire\" \/>\n\t<meta name=\"twitter:data1\" content=\"2 minute\" \/>\n<script type=\"application\/ld+json\" class=\"yoast-schema-graph\">{\"@context\":\"https:\/\/schema.org\",\"@graph\":[{\"@type\":\"WebPage\",\"@id\":\"https:\/\/morfin.io\/ikids\/\",\"url\":\"https:\/\/morfin.io\/ikids\/\",\"name\":\"iKIDS - morfin\",\"isPartOf\":{\"@id\":\"https:\/\/morfin.io\/#website\"},\"datePublished\":\"2020-07-12T12:13:53+00:00\",\"dateModified\":\"2020-07-13T08:08:42+00:00\",\"breadcrumb\":{\"@id\":\"https:\/\/morfin.io\/ikids\/#breadcrumb\"},\"inLanguage\":\"ro-RO\",\"potentialAction\":[{\"@type\":\"ReadAction\",\"target\":[\"https:\/\/morfin.io\/ikids\/\"]}]},{\"@type\":\"BreadcrumbList\",\"@id\":\"https:\/\/morfin.io\/ikids\/#breadcrumb\",\"itemListElement\":[{\"@type\":\"ListItem\",\"position\":1,\"name\":\"Home\",\"item\":\"https:\/\/morfin.io\/\"},{\"@type\":\"ListItem\",\"position\":2,\"name\":\"iKIDS\"}]},{\"@type\":\"WebSite\",\"@id\":\"https:\/\/morfin.io\/#website\",\"url\":\"https:\/\/morfin.io\/\",\"name\":\"morfin\",\"description\":\"Gamify your life\",\"potentialAction\":[{\"@type\":\"SearchAction\",\"target\":{\"@type\":\"EntryPoint\",\"urlTemplate\":\"https:\/\/morfin.io\/?s={search_term_string}\"},\"query-input\":\"required name=search_term_string\"}],\"inLanguage\":\"ro-RO\"}]}<\/script>\n<!-- \/ Yoast SEO plugin. -->","yoast_head_json":{"title":"iKIDS - morfin","robots":{"index":"index","follow":"follow","max-snippet":"max-snippet:-1","max-image-preview":"max-image-preview:large","max-video-preview":"max-video-preview:-1"},"canonical":"https:\/\/morfin.io\/ro\/ikids\/","og_locale":"ro_RO","og_type":"article","og_title":"iKIDS - morfin","og_url":"https:\/\/morfin.io\/ro\/ikids\/","og_site_name":"morfin","article_publisher":"https:\/\/www.facebook.com\/morfindotio\/","article_modified_time":"2020-07-13T08:08:42+00:00","twitter_card":"summary_large_image","twitter_site":"@morfindotio","twitter_misc":{"Timp estimat pentru citire":"2 minute"},"schema":{"@context":"https:\/\/schema.org","@graph":[{"@type":"WebPage","@id":"https:\/\/morfin.io\/ikids\/","url":"https:\/\/morfin.io\/ikids\/","name":"iKIDS - morfin","isPartOf":{"@id":"https:\/\/morfin.io\/#website"},"datePublished":"2020-07-12T12:13:53+00:00","dateModified":"2020-07-13T08:08:42+00:00","breadcrumb":{"@id":"https:\/\/morfin.io\/ikids\/#breadcrumb"},"inLanguage":"ro-RO","potentialAction":[{"@type":"ReadAction","target":["https:\/\/morfin.io\/ikids\/"]}]},{"@type":"BreadcrumbList","@id":"https:\/\/morfin.io\/ikids\/#breadcrumb","itemListElement":[{"@type":"ListItem","position":1,"name":"Home","item":"https:\/\/morfin.io\/"},{"@type":"ListItem","position":2,"name":"iKIDS"}]},{"@type":"WebSite","@id":"https:\/\/morfin.io\/#website","url":"https:\/\/morfin.io\/","name":"morfin","description":"Gamify your life","potentialAction":[{"@type":"SearchAction","target":{"@type":"EntryPoint","urlTemplate":"https:\/\/morfin.io\/?s={search_term_string}"},"query-input":"required name=search_term_string"}],"inLanguage":"ro-RO"}]}},"_links":{"self":[{"href":"https:\/\/morfin.io\/ro\/wp-json\/wp\/v2\/pages\/4652"}],"collection":[{"href":"https:\/\/morfin.io\/ro\/wp-json\/wp\/v2\/pages"}],"about":[{"href":"https:\/\/morfin.io\/ro\/wp-json\/wp\/v2\/types\/page"}],"author":[{"embeddable":true,"href":"https:\/\/morfin.io\/ro\/wp-json\/wp\/v2\/users\/1"}],"replies":[{"embeddable":true,"href":"https:\/\/morfin.io\/ro\/wp-json\/wp\/v2\/comments?post=4652"}],"version-history":[{"count":4,"href":"https:\/\/morfin.io\/ro\/wp-json\/wp\/v2\/pages\/4652\/revisions"}],"predecessor-version":[{"id":4659,"href":"https:\/\/morfin.io\/ro\/wp-json\/wp\/v2\/pages\/4652\/revisions\/4659"}],"wp:attachment":[{"href":"https:\/\/morfin.io\/ro\/wp-json\/wp\/v2\/media?parent=4652"}],"curies":[{"name":"wp","href":"https:\/\/api.w.org\/{rel}","templated":true}]}}