{"id":3538,"date":"2019-07-30T19:09:14","date_gmt":"2019-07-30T19:09:14","guid":{"rendered":"https:\/\/test.morfin.io\/?page_id=3538"},"modified":"2023-07-28T08:34:52","modified_gmt":"2023-07-28T08:34:52","slug":"company","status":"publish","type":"page","link":"https:\/\/morfin.io\/ro\/company\/","title":{"rendered":"Companie"},"content":{"rendered":"<div class=\"wpb-content-wrapper\"><div data-vc-full-width=\"true\" data-vc-full-width-init=\"false\" data-vc-stretch-content=\"true\" class=\"vc_row wpb_row vc_row-fluid header_image_banner vc_row-no-padding\" style=\"\"><div class=\"wpb_column vc_column_container vc_col-sm-12\"><div class=\"vc_column-inner\"><div class=\"wpb_wrapper\"><div class=\"vc_empty_space\"   style=\"height: 90px\"><span class=\"vc_empty_space_inner\"><\/span><\/div>[pixxy_banner style_banner=&#8221;classic&#8221; light=&#8221;yes&#8221; btn_style=&#8221;a-btn&#8221; add_btn_style=&#8221;a-btn&#8221; image=&#8221;3543&#8243; text=&#8221;a homegrown team of creative programmers, hands-on creatives and leads that are there to offer their full support&#8221;]<div class=\"vc_empty_space\"   style=\"height: 90px\"><span class=\"vc_empty_space_inner\"><\/span><\/div><\/div><\/div><\/div><\/div><div class=\"vc_row-full-width vc_clearfix\"><\/div><div class=\"vc_row wpb_row vc_row-fluid vc_row-o-content-middle vc_row-flex\" style=\"\"><div class=\"wpb_column vc_column_container vc_col-sm-1\"><div class=\"vc_column-inner\"><div class=\"wpb_wrapper\"><\/div><\/div><\/div><div class=\"wpb_column vc_column_container vc_col-sm-4\"><div class=\"vc_column-inner\"><div class=\"wpb_wrapper\">\n\t<div  class=\"wpb_single_image wpb_content_element vc_align_right wpb_content_element\">\n\t\t\n\t\t<figure class=\"wpb_wrapper vc_figure\">\n\t\t\t<div class=\"vc_single_image-wrapper   vc_box_border_grey\"><img loading=\"lazy\" decoding=\"async\" width=\"523\" height=\"560\" src=\"https:\/\/morfin.io\/wp-content\/themes\/pixxy\/assets\/images\/lazy.png\" class=\"vc_single_image-img attachment-full\" alt=\"\" title=\"TurnTable_gif\" data-lazy-src=\"https:\/\/morfin.io\/wp-content\/uploads\/TurnTable_gif.gif\" \/><\/div>\n\t\t<\/figure>\n\t<\/div>\n<\/div><\/div><\/div><div class=\"wpb_column vc_column_container vc_col-sm-6\"><div class=\"vc_column-inner\"><div class=\"wpb_wrapper\"><h3 style=\"font-size: 24px;color: #000000;text-align: center\" class=\"vc_custom_heading vc_do_custom_heading\" >CE ESTE MORFIN<\/h3><div class=\"vc_empty_space\"   style=\"height: 10px\"><span class=\"vc_empty_space_inner\"><\/span><\/div>\n\t<div class=\"wpb_text_column wpb_content_element vc_custom_1568376217463\" >\n\t\t<div class=\"wpb_wrapper\">\n\t\t\t<p>O echip\u0103 cu roti\u021be bine unse, care au lucrat \u00eempreun\u0103 la proiecte anterioare.<br \/>\nO fac\u021biune orientat\u0103 spre evolu\u021bie, cu p\u0103r\u021bi egale de ingineri, programatori \u0219i comunicatori.<br \/>\nDou\u0103 spa\u021bii de birouri frumoase \u00een Europa, echipate pentru confortul deplin al oamenilor care vin aici \u00een fiecare zi.<\/p>\n\n\t\t<\/div>\n\t<\/div>\n<\/div><\/div><\/div><div class=\"wpb_column vc_column_container vc_col-sm-1\"><div class=\"vc_column-inner\"><div class=\"wpb_wrapper\"><\/div><\/div><\/div><\/div><div class=\"vc_row wpb_row vc_row-fluid\" style=\"\"><div class=\"wpb_column vc_column_container vc_col-sm-1\"><div class=\"vc_column-inner\"><div class=\"wpb_wrapper\"><\/div><\/div><\/div><div class=\"wpb_column vc_column_container vc_col-sm-10\"><div class=\"vc_column-inner\"><div class=\"wpb_wrapper\"><div class=\"vc_empty_space\"   style=\"height: 20px\"><span class=\"vc_empty_space_inner\"><\/span><\/div><h3 style=\"font-size: 24px;color: #000000;text-align: center\" class=\"vc_custom_heading vc_do_custom_heading\" >O CULTUR\u0102 S\u0102N\u0102TOAS\u0102, CARE S\u0102 PERMIT\u0102 OAMENILOR S\u0102 SE AFLE LA MAXIMUL CAPACIT\u0102\u021aILOR LOR.<\/h3><\/div><\/div><\/div><div class=\"wpb_column vc_column_container vc_col-sm-1\"><div class=\"vc_column-inner\"><div class=\"wpb_wrapper\"><\/div><\/div><\/div><\/div><div class=\"vc_row wpb_row vc_row-fluid\" style=\"\"><div class=\"wpb_column vc_column_container vc_col-sm-3\"><div class=\"vc_column-inner\"><div class=\"wpb_wrapper\">[pixxy_services style=&#8221;image&#8221; title_color_hover=&#8221;#01d2ba&#8221; small_paddings=&#8221;yes&#8221; image=&#8221;3551&#8243; title=&#8221;in house programming&#8221; text=&#8221;24 programmers working to create the one most secure financial platform available&#8221;]<\/div><\/div><\/div><div class=\"wpb_column vc_column_container vc_col-sm-3\"><div class=\"vc_column-inner\"><div class=\"wpb_wrapper\">[pixxy_services style=&#8221;image&#8221; title_color_hover=&#8221;#01d2ba&#8221; small_paddings=&#8221;yes&#8221; image=&#8221;3552&#8243; title=&#8221;software engineering&#8221; text=&#8221;User experience at its best, curated by a team of designers and engineers and ran through focus groups&#8221;]<\/div><\/div><\/div><div class=\"wpb_column vc_column_container vc_col-sm-3\"><div class=\"vc_column-inner\"><div class=\"wpb_wrapper\">[pixxy_services style=&#8221;image&#8221; title_color_hover=&#8221;#01d2ba&#8221; small_paddings=&#8221;yes&#8221; image=&#8221;3553&#8243; title=&#8221;compliance and legislation&#8221; text=&#8221;Thousands of pages of legal documents and a team dedicated to meet every compliance standard&#8221;]<\/div><\/div><\/div><div class=\"wpb_column vc_column_container vc_col-sm-3\"><div class=\"vc_column-inner\"><div class=\"wpb_wrapper\">[pixxy_services style=&#8221;image&#8221; title_color_hover=&#8221;#01d2ba&#8221; small_paddings=&#8221;yes&#8221; image=&#8221;3554&#8243; title=&#8221;marketing&#8221; text=&#8221;Strong and ethical marketing practices, bound to create a long-term relationship with our customers.&#8221;]<\/div><\/div><\/div><\/div><div class=\"vc_row wpb_row vc_row-fluid\" style=\"\"><div class=\"wpb_column vc_column_container vc_col-sm-12\"><div class=\"vc_column-inner\"><div class=\"wpb_wrapper\"><div class=\"vc_empty_space\"   style=\"height: 50px\"><span class=\"vc_empty_space_inner\"><\/span><\/div><h3 style=\"font-size: 24px;color: #000000;text-align: center\" class=\"vc_custom_heading vc_do_custom_heading\" >RECUNOA\u0218TERE<\/h3>[pixxy_line_of_images style=&#8221;logos&#8221; logos=&#8221;%5B%7B%22image%22%3A%223556%22%7D%2C%7B%22image%22%3A%223557%22%7D%5D&#8221; el_class=&#8221;logos_padding&#8221;]<\/div><\/div><\/div><\/div><div class=\"vc_row wpb_row vc_row-fluid\" style=\"\"><div class=\"wpb_column vc_column_container vc_col-sm-3\"><div class=\"vc_column-inner\"><div class=\"wpb_wrapper\"><\/div><\/div><\/div><div class=\"wpb_column vc_column_container vc_col-sm-6\"><div class=\"vc_column-inner\"><div class=\"wpb_wrapper\"><div class=\"vc_empty_space\"   style=\"height: 30px\"><span class=\"vc_empty_space_inner\"><\/span><\/div><h2 style=\"font-size: 24px;color: #000000;text-align: center\" class=\"vc_custom_heading vc_do_custom_heading\" >ECHIPA NOASTR\u0102<\/h2><\/div><\/div><\/div><div class=\"wpb_column vc_column_container vc_col-sm-3\"><div class=\"vc_column-inner\"><div class=\"wpb_wrapper\"><\/div><\/div><\/div><\/div><div class=\"vc_row wpb_row vc_row-fluid\" style=\"\"><div class=\"wpb_column vc_column_container vc_col-sm-12\"><div class=\"vc_column-inner\"><div class=\"wpb_wrapper\"><div class=\"vc_empty_space\"   style=\"height: 10px\"><span class=\"vc_empty_space_inner\"><\/span><\/div>[pixxy_team team_members=&#8221;%5B%7B%22image_id%22%3A%223515%22%2C%22name%22%3A%22Vlad%20Centea%22%2C%22position%22%3A%22CEO%22%2C%22socials%22%3A%22%255B%257B%2522social_url%2522%253A%2522https%253A%252F%252Fwww.linkedin.com%252Fin%252Fvlad-centea%252F%2522%257D%255D%22%7D%2C%7B%22image_id%22%3A%223516%22%2C%22name%22%3A%22Paul%20Mijoiu%22%2C%22position%22%3A%22COO%22%2C%22socials%22%3A%22%255B%257B%2522social_url%2522%253A%2522https%253A%252F%252Fwww.linkedin.com%252Fin%252Fpaul-mijoiu-9341854%252F%2522%257D%255D%22%7D%2C%7B%22image_id%22%3A%223517%22%2C%22name%22%3A%22Ionut%20Negru%22%2C%22position%22%3A%22CTO%22%2C%22socials%22%3A%22%255B%257B%2522social_url%2522%253A%2522https%253A%252F%252Fwww.linkedin.com%252Fin%252Fionut-negru-41b5084%252F%2522%257D%255D%22%7D%2C%7B%22image_id%22%3A%225787%22%2C%22name%22%3A%22Gabriela%20Cojocariu%22%2C%22position%22%3A%22Marketing%22%2C%22socials%22%3A%22%255B%257B%2522social_url%2522%253A%2522https%253A%252F%252Fwww.linkedin.com%252Fin%252Fgabriela-cojocariu-7aba89250%252F%2522%257D%252C%257B%257D%255D%22%7D%2C%7B%22image_id%22%3A%223518%22%2C%22name%22%3A%22Dan%20Bera%22%2C%22position%22%3A%22Project%20Manager%22%2C%22socials%22%3A%22%255B%257B%2522social_url%2522%253A%2522https%253A%252F%252Fwww.linkedin.com%252Fin%252Fdaniel-bera-879b0a24%252F%2522%257D%255D%22%7D%2C%7B%22image_id%22%3A%223575%22%2C%22name%22%3A%22Marius%20Calude%22%2C%22position%22%3A%22UX%22%2C%22socials%22%3A%22%255B%257B%2522social_url%2522%253A%2522https%253A%252F%252Fwww.linkedin.com%252Fin%252Fmarius-calude-b39094b%252F%2522%257D%255D%22%7D%2C%7B%22image_id%22%3A%223580%22%2C%22name%22%3A%22Calin%20Sapunaru%22%2C%22position%22%3A%22Foto%2FVideo%22%2C%22socials%22%3A%22%255B%257B%257D%255D%22%7D%2C%7B%22image_id%22%3A%223645%22%2C%22name%22%3A%22Joona%20M%C3%A4ntyvaara%22%2C%22position%22%3A%22Marketing%22%2C%22socials%22%3A%22%255B%257B%2522social_url%2522%253A%2522https%253A%252F%252Fwww.linkedin.com%252Fin%252Fjoona%252F%2522%257D%255D%22%7D%5D&#8221; css=&#8221;.vc_custom_1690533288963{background-color: rgba(255,255,255,0.49) !important;*background-color: rgb(255,255,255) !important;}&#8221;]<\/div><\/div><\/div><\/div><div class=\"vc_row wpb_row vc_row-fluid\" style=\"\"><div class=\"wpb_column vc_column_container vc_col-sm-12\"><div class=\"vc_column-inner\"><div class=\"wpb_wrapper\"><h2 style=\"font-size: 18px;color: #000000;text-align: center\" class=\"vc_custom_heading vc_do_custom_heading\" >CONSILIERI<\/h2>[pixxy_team team_members=&#8221;%5B%7B%22image_id%22%3A%223577%22%2C%22name%22%3A%22Richard%20Russell%22%2C%22position%22%3A%22Product%20Management%22%2C%22socials%22%3A%22%255B%257B%2522icon%2522%253A%2522fa%2520fa-linkedin-square%2522%252C%2522social_url%2522%253A%2522https%253A%252F%252Fwww.linkedin.com%252Fin%252Frichardarussell%252F%2522%257D%255D%22%7D%2C%7B%22image_id%22%3A%223578%22%2C%22name%22%3A%22Sylvain%20Chery%22%2C%22position%22%3A%22Business%20Development%22%2C%22socials%22%3A%22%255B%257B%2522icon%2522%253A%2522fa%2520fa-linkedin-square%2522%252C%2522social_url%2522%253A%2522https%253A%252F%252Fwww.linkedin.com%252Fin%252Fschery%252F%2522%257D%255D%22%7D%2C%7B%22image_id%22%3A%223581%22%2C%22name%22%3A%22Dimitri%20Danilenko%22%2C%22position%22%3A%22Banking%20(CEO%20Advisor)%22%2C%22socials%22%3A%22%255B%257B%2522icon%2522%253A%2522fa%2520fa-linkedin-square%2522%252C%2522social_url%2522%253A%2522https%253A%252F%252Fwww.linkedin.com%252Fin%252Fdimitri-danilenko-53b80369%2522%257D%255D%22%7D%2C%7B%22image_id%22%3A%223576%22%2C%22name%22%3A%22Michel%20Blumenthal%22%2C%22position%22%3A%22Business%20Strategy%22%2C%22socials%22%3A%22%255B%257B%2522icon%2522%253A%2522fa%2520fa-linkedin-square%2522%252C%2522social_url%2522%253A%2522https%253A%252F%252Fwww.linkedin.com%252Fin%252Fmichelblumenthal%252F%2522%257D%255D%22%7D%5D&#8221;]<\/div><\/div><\/div><\/div><div class=\"vc_row wpb_row vc_row-fluid\" style=\"\"><div class=\"wpb_column vc_column_container vc_col-sm-2\"><div class=\"vc_column-inner\"><div class=\"wpb_wrapper\"><\/div><\/div><\/div><div class=\"wpb_column vc_column_container vc_col-sm-8\"><div class=\"vc_column-inner\"><div class=\"wpb_wrapper\"><div class=\"vc_empty_space\"   style=\"height: 30px\"><span class=\"vc_empty_space_inner\"><\/span><\/div><h2 style=\"font-size: 18px;color: #000000;text-align: center\" class=\"vc_custom_heading vc_do_custom_heading\" >PARTENERI<\/h2><\/div><\/div><\/div><div class=\"wpb_column vc_column_container vc_col-sm-2\"><div class=\"vc_column-inner\"><div class=\"wpb_wrapper\"><\/div><\/div><\/div><\/div><div class=\"vc_row wpb_row vc_row-fluid\" style=\"\"><div class=\"wpb_column vc_column_container vc_col-sm-12\"><div class=\"vc_column-inner\"><div class=\"wpb_wrapper\">[pixxy_line_of_images style=&#8221;logos&#8221; logos=&#8221;%5B%7B%22image%22%3A%224445%22%7D%2C%7B%22image%22%3A%223563%22%7D%2C%7B%22image%22%3A%223564%22%7D%2C%7B%22image%22%3A%223565%22%7D%2C%7B%22image%22%3A%223566%22%7D%2C%7B%22image%22%3A%224446%22%7D%2C%7B%22image%22%3A%224447%22%7D%5D&#8221; el_class=&#8221;logos_no_max_width&#8221;]<\/div><\/div><\/div><\/div><div class=\"vc_row wpb_row vc_row-fluid\" style=\"\"><div class=\"wpb_column vc_column_container vc_col-sm-6\"><div class=\"vc_column-inner\"><div class=\"wpb_wrapper\"><h2 style=\"font-size: 18px;color: #000000;text-align: center\" class=\"vc_custom_heading vc_do_custom_heading\" >MEDIA<\/h2>[pixxy_line_of_images style=&#8221;logos&#8221; logos=&#8221;%5B%7B%22image%22%3A%223569%22%7D%2C%7B%22image%22%3A%223570%22%7D%5D&#8221; el_class=&#8221;logos_padding_no_max_width&#8221;]<\/div><\/div><\/div><div class=\"wpb_column vc_column_container vc_col-sm-6\"><div class=\"vc_column-inner\"><div class=\"wpb_wrapper\"><h2 style=\"font-size: 18px;color: #000000;text-align: center\" class=\"vc_custom_heading vc_do_custom_heading\" >PREMII<\/h2>[pixxy_line_of_images style=&#8221;logos&#8221; logos=&#8221;%5B%7B%22image%22%3A%223568%22%7D%2C%7B%22image%22%3A%223571%22%7D%5D&#8221; el_class=&#8221;logos_padding_no_max_width&#8221;]<\/div><\/div><\/div><\/div>\n<\/div>","protected":false},"excerpt":{"rendered":"[pixxy_banner style_banner=\"classic\" light=\"yes\" btn_style=\"a-btn\" add_btn_style=\"a-btn\" image=\"3543\" text=\"a homegrown team of creative programmers, hands-on creatives and leads that are there to offer their full support\"] WHAT MORFIN IS A team with well-oiled cogs that worked on previous projects together. An evolution-oriented faction with equal parts engineers, coders and communicators. Two beautiful office spaces in Europe equipped ...","protected":false},"author":2,"featured_media":0,"parent":0,"menu_order":0,"comment_status":"closed","ping_status":"closed","template":"","meta":{"_monsterinsights_skip_tracking":false,"_monsterinsights_sitenote_active":false,"_monsterinsights_sitenote_note":"","_monsterinsights_sitenote_category":0,"footnotes":""},"class_list":["post-3538","page","type-page","status-publish","hentry"],"yoast_head":"<!-- This site is optimized with the Yoast SEO plugin v23.3 - https:\/\/yoast.com\/wordpress\/plugins\/seo\/ -->\n<title>Thank you for checking out the Morfin Team!<\/title>\n<meta name=\"description\" content=\"There are many ways to be part of the Morfin transformation. Support this project, be part of the community, get access to early beta and comment on your experience!\" \/>\n<meta name=\"robots\" content=\"index, follow, max-snippet:-1, max-image-preview:large, max-video-preview:-1\" \/>\n<link rel=\"canonical\" href=\"https:\/\/morfin.io\/ro\/company\/\" \/>\n<meta property=\"og:locale\" content=\"ro_RO\" \/>\n<meta property=\"og:type\" content=\"article\" \/>\n<meta property=\"og:title\" content=\"Thank you for checking out the Morfin Team!\" \/>\n<meta property=\"og:description\" content=\"There are many ways to be part of the Morfin transformation. Support this project, be part of the community, get access to early beta and comment on your experience!\" \/>\n<meta property=\"og:url\" content=\"https:\/\/morfin.io\/ro\/company\/\" \/>\n<meta property=\"og:site_name\" content=\"morfin\" \/>\n<meta property=\"article:publisher\" content=\"https:\/\/www.facebook.com\/morfindotio\/\" \/>\n<meta property=\"article:modified_time\" content=\"2023-07-28T08:34:52+00:00\" \/>\n<meta name=\"twitter:card\" content=\"summary_large_image\" \/>\n<meta name=\"twitter:site\" content=\"@morfindotio\" \/>\n<meta name=\"twitter:label1\" content=\"Timp estimat pentru citire\" \/>\n\t<meta name=\"twitter:data1\" content=\"6 minute\" \/>\n<script type=\"application\/ld+json\" class=\"yoast-schema-graph\">{\"@context\":\"https:\/\/schema.org\",\"@graph\":[{\"@type\":\"WebPage\",\"@id\":\"https:\/\/morfin.io\/company\/\",\"url\":\"https:\/\/morfin.io\/company\/\",\"name\":\"Thank you for checking out the Morfin Team!\",\"isPartOf\":{\"@id\":\"https:\/\/morfin.io\/#website\"},\"datePublished\":\"2019-07-30T19:09:14+00:00\",\"dateModified\":\"2023-07-28T08:34:52+00:00\",\"description\":\"There are many ways to be part of the Morfin transformation. Support this project, be part of the community, get access to early beta and comment on your experience!\",\"breadcrumb\":{\"@id\":\"https:\/\/morfin.io\/company\/#breadcrumb\"},\"inLanguage\":\"ro-RO\",\"potentialAction\":[{\"@type\":\"ReadAction\",\"target\":[\"https:\/\/morfin.io\/company\/\"]}]},{\"@type\":\"BreadcrumbList\",\"@id\":\"https:\/\/morfin.io\/company\/#breadcrumb\",\"itemListElement\":[{\"@type\":\"ListItem\",\"position\":1,\"name\":\"Home\",\"item\":\"https:\/\/morfin.io\/\"},{\"@type\":\"ListItem\",\"position\":2,\"name\":\"Company\"}]},{\"@type\":\"WebSite\",\"@id\":\"https:\/\/morfin.io\/#website\",\"url\":\"https:\/\/morfin.io\/\",\"name\":\"morfin\",\"description\":\"Gamify your life\",\"potentialAction\":[{\"@type\":\"SearchAction\",\"target\":{\"@type\":\"EntryPoint\",\"urlTemplate\":\"https:\/\/morfin.io\/?s={search_term_string}\"},\"query-input\":\"required name=search_term_string\"}],\"inLanguage\":\"ro-RO\"}]}<\/script>\n<!-- \/ Yoast SEO plugin. -->","yoast_head_json":{"title":"Thank you for checking out the Morfin Team!","description":"There are many ways to be part of the Morfin transformation. Support this project, be part of the community, get access to early beta and comment on your experience!","robots":{"index":"index","follow":"follow","max-snippet":"max-snippet:-1","max-image-preview":"max-image-preview:large","max-video-preview":"max-video-preview:-1"},"canonical":"https:\/\/morfin.io\/ro\/company\/","og_locale":"ro_RO","og_type":"article","og_title":"Thank you for checking out the Morfin Team!","og_description":"There are many ways to be part of the Morfin transformation. Support this project, be part of the community, get access to early beta and comment on your experience!","og_url":"https:\/\/morfin.io\/ro\/company\/","og_site_name":"morfin","article_publisher":"https:\/\/www.facebook.com\/morfindotio\/","article_modified_time":"2023-07-28T08:34:52+00:00","twitter_card":"summary_large_image","twitter_site":"@morfindotio","twitter_misc":{"Timp estimat pentru citire":"6 minute"},"schema":{"@context":"https:\/\/schema.org","@graph":[{"@type":"WebPage","@id":"https:\/\/morfin.io\/company\/","url":"https:\/\/morfin.io\/company\/","name":"Thank you for checking out the Morfin Team!","isPartOf":{"@id":"https:\/\/morfin.io\/#website"},"datePublished":"2019-07-30T19:09:14+00:00","dateModified":"2023-07-28T08:34:52+00:00","description":"There are many ways to be part of the Morfin transformation. Support this project, be part of the community, get access to early beta and comment on your experience!","breadcrumb":{"@id":"https:\/\/morfin.io\/company\/#breadcrumb"},"inLanguage":"ro-RO","potentialAction":[{"@type":"ReadAction","target":["https:\/\/morfin.io\/company\/"]}]},{"@type":"BreadcrumbList","@id":"https:\/\/morfin.io\/company\/#breadcrumb","itemListElement":[{"@type":"ListItem","position":1,"name":"Home","item":"https:\/\/morfin.io\/"},{"@type":"ListItem","position":2,"name":"Company"}]},{"@type":"WebSite","@id":"https:\/\/morfin.io\/#website","url":"https:\/\/morfin.io\/","name":"morfin","description":"Gamify your life","potentialAction":[{"@type":"SearchAction","target":{"@type":"EntryPoint","urlTemplate":"https:\/\/morfin.io\/?s={search_term_string}"},"query-input":"required name=search_term_string"}],"inLanguage":"ro-RO"}]}},"_links":{"self":[{"href":"https:\/\/morfin.io\/ro\/wp-json\/wp\/v2\/pages\/3538"}],"collection":[{"href":"https:\/\/morfin.io\/ro\/wp-json\/wp\/v2\/pages"}],"about":[{"href":"https:\/\/morfin.io\/ro\/wp-json\/wp\/v2\/types\/page"}],"author":[{"embeddable":true,"href":"https:\/\/morfin.io\/ro\/wp-json\/wp\/v2\/users\/2"}],"replies":[{"embeddable":true,"href":"https:\/\/morfin.io\/ro\/wp-json\/wp\/v2\/comments?post=3538"}],"version-history":[{"count":50,"href":"https:\/\/morfin.io\/ro\/wp-json\/wp\/v2\/pages\/3538\/revisions"}],"predecessor-version":[{"id":5863,"href":"https:\/\/morfin.io\/ro\/wp-json\/wp\/v2\/pages\/3538\/revisions\/5863"}],"wp:attachment":[{"href":"https:\/\/morfin.io\/ro\/wp-json\/wp\/v2\/media?parent=3538"}],"curies":[{"name":"wp","href":"https:\/\/api.w.org\/{rel}","templated":true}]}}