{"id":1326,"date":"2018-07-09T15:55:42","date_gmt":"2018-07-09T15:55:42","guid":{"rendered":"http:\/\/wp.themedemo.co\/pixxy\/?page_id=1326"},"modified":"2024-04-03T10:47:56","modified_gmt":"2024-04-03T10:47:56","slug":"contact-us","status":"publish","type":"page","link":"https:\/\/morfin.io\/ro\/contact-us\/","title":{"rendered":"Contact Us"},"content":{"rendered":"<div class=\"wpb-content-wrapper\"><div data-vc-full-width=\"true\" data-vc-full-width-init=\"false\" data-vc-stretch-content=\"true\" class=\"vc_row wpb_row vc_row-fluid vc_row-no-padding vc_row-o-content-top vc_row-flex  margin-lg-120b margin-md-80b margin-xs-60b\" style=\"\"><div class=\"contact-header wpb_column vc_column_container vc_col-sm-12\"><div class=\"vc_column-inner\"><div class=\"wpb_wrapper\"><div class=\"vc_empty_space\"   style=\"height: 120px\"><span class=\"vc_empty_space_inner\"><\/span><\/div><\/div><\/div><\/div><\/div><div class=\"vc_row-full-width vc_clearfix\"><\/div><div class=\"vc_row wpb_row vc_row-fluid homepage-first-row\" style=\"\"><div class=\"wpb_column vc_column_container vc_col-sm-12  margin-lg-35b margin-md-30b margin-sm-25b margin-xs-20b\"><div class=\"vc_column-inner\"><div class=\"wpb_wrapper\">[pixxy_headings style=&#8221;simple&#8221; title=&#8221;TALK TO A HUMAN&#8221; description=&#8221;<b>Mesajul t\u0103u este absolut privat. Acesta va ajunge direct la unul dintre b\u0103ie\u021bii sau fetele din echipa noastr\u0103 de asisten\u021b\u0103 sau la unul dintre dezvoltatorii no\u0219tri care caut\u0103 probleme de rezolvat. F\u0103r\u0103 AI ridicol, conversa\u021bii limbo sau subcontractori care nu \u0219tiu nimic despre Morfin, doar o persoan\u0103 care este profund implicat\u0103 \u00een proiectul nostru \u0219i care \u00ee\u021bi poate r\u0103spunde la toate \u00eentreb\u0103rile.<\/b>&#8221; description_size=&#8221;description&#8211;big&#8221; btn_style=&#8221;a-btn&#8221;]<div class=\"vc_row wpb_row vc_inner vc_row-fluid\"><div class=\"wpb_column vc_column_container vc_col-sm-4\"><div class=\"vc_column-inner\"><div class=\"wpb_wrapper\"><div class=\"vc_icon_element vc_icon_element-outer vc_do_icon telegram-icon vc_icon_element-align-right vc_icon_element-have-style\"><div class=\"vc_icon_element-inner vc_icon_element-color-custom vc_icon_element-have-style-inner vc_icon_element-size-lg vc_icon_element-style-rounded vc_icon_element-background vc_icon_element-background-color-custom\"  style=\"background-color:#838383\"><span class=\"vc_icon_element-icon fa fa-paper-plane\" style=\"color:#ffffff !important\"><\/span><a class=\"vc_icon_element-link\" href=\"https:\/\/t.me\/morfindotio\"  title=\"\" target=\"_blank\"><\/a><\/div><\/div><\/div><\/div><\/div><div class=\"wpb_column vc_column_container vc_col-sm-4\"><div class=\"vc_column-inner\"><div class=\"wpb_wrapper\"><div class=\"vc_icon_element vc_icon_element-outer vc_do_icon facebook-icon vc_icon_element-align-center vc_icon_element-have-style\"><div class=\"vc_icon_element-inner vc_icon_element-color-custom vc_icon_element-have-style-inner vc_icon_element-size-lg vc_icon_element-style-rounded vc_icon_element-background vc_icon_element-background-color-custom\"  style=\"background-color:#838383\"><span class=\"vc_icon_element-icon fab fa-facebook\" style=\"color:#ffffff !important\"><\/span><a class=\"vc_icon_element-link\" href=\"https:\/\/www.facebook.com\/morfindotio\/\"  title=\"\" target=\"_blank\"><\/a><\/div><\/div><\/div><\/div><\/div><div class=\"wpb_column vc_column_container vc_col-sm-4\"><div class=\"vc_column-inner\"><div class=\"wpb_wrapper\"><div class=\"vc_icon_element vc_icon_element-outer vc_do_icon twitter-icon vc_icon_element-align-left vc_icon_element-have-style\"><div class=\"vc_icon_element-inner vc_icon_element-color-custom vc_icon_element-have-style-inner vc_icon_element-size-lg vc_icon_element-style-rounded vc_icon_element-background vc_icon_element-background-color-custom\"  style=\"background-color:#838383\"><span class=\"vc_icon_element-icon fa fa-twitter\" style=\"color:#ffffff !important\"><\/span><a class=\"vc_icon_element-link\" href=\"https:\/\/twitter.com\/morfindotio\"  title=\"\" target=\"_blank\"><\/a><\/div><\/div><\/div><\/div><\/div><\/div>[pixxy_headings style=&#8221;simple&#8221; description=&#8221;<b>Folose\u015fte formularul de mai jos pentru a ne trimite un e-mail. Pentru o asisten\u021b\u0103 rapid\u0103, ia leg\u0103tura cu serviciul de asisten\u021b\u0103 pentru clien\u021bi.<\/b><br \/>\nHuman contact between 8:00 AM GMT and 18:00 PM GMT.&#8221; description_size=&#8221;description&#8211;big&#8221; btn_style=&#8221;a-btn&#8221;]<\/div><\/div><\/div><\/div><div class=\"vc_row wpb_row vc_row-fluid\" style=\"\"><div class=\"wpb_column vc_column_container vc_col-sm-12\"><div class=\"vc_column-inner\"><div class=\"wpb_wrapper\">[pixxy_headings style=&#8221;simple&#8221; subtitle=&#8221;Get In Touch&#8221; title=&#8221;Let\u2019s work together&#8221; btn_style=&#8221;a-btn&#8221;]<\/div><\/div><\/div><\/div><div data-vc-full-width=\"true\" data-vc-full-width-init=\"false\" class=\"vc_row wpb_row vc_row-fluid  margin-lg-95b margin-xs-50b\" style=\"\"><div class=\"wpb_column vc_column_container vc_col-sm-12 vc_col-md-offset-2 vc_col-md-8  margin-lg-35b margin-md-30b margin-sm-25b margin-xs-15b\"><div class=\"vc_column-inner\"><div class=\"wpb_wrapper\">[pixxy_contacts style=&#8221;style_6&#8243; btn_style=&#8221;a-btn-style-1&#8243; form=&#8221;1377&#8243;][\/pixxy_contacts]<\/div><\/div><\/div><\/div><div class=\"vc_row-full-width vc_clearfix\"><\/div><div class=\"vc_row wpb_row vc_row-fluid\" style=\"\"><div class=\"wpb_column vc_column_container vc_col-sm-12 vc_col-md-offset-2 vc_col-md-8  padding-lg-40b padding-md-30b padding-sm-20b padding-xs-15b\"><div class=\"vc_column-inner\"><div class=\"wpb_wrapper\">[pixxy_headings style=&#8221;simple&#8221; title=&#8221;Morfin S.A.R.L.&#8221; text_align=&#8221;text-left&#8221; btn_style=&#8221;a-btn&#8221;]<\/div><\/div><\/div><\/div><div class=\"vc_row wpb_row vc_row-fluid  margin-lg-55b margin-md-35b margin-sm-25b margin-xs-20b\" style=\"\"><div class=\"wpb_column vc_column_container vc_col-sm-6 vc_col-md-offset-2 vc_col-md-4\"><div class=\"vc_column-inner\"><div class=\"wpb_wrapper\">[pixxy_headings style=&#8221;simple&#8221; title=&#8221;CORPORATE OFFICE&#8221; title_size=&#8221;title&#8211;small&#8221; description=&#8221;<b>Morfin S.A.R.L.<\/b><br \/>\nAddress: 9 Rue du Laboratoire, 1911<br \/>\nLuxembourg<br \/>\nReg. No.: B228318<br \/>\nEmail: info@morfin.io&#8221; text_align=&#8221;text-left&#8221; btn_style=&#8221;a-btn&#8221;]<\/div><\/div><\/div><div class=\"wpb_column vc_column_container vc_col-sm-6 vc_col-md-4\"><div class=\"vc_column-inner\"><div class=\"wpb_wrapper\">[pixxy_headings style=&#8221;simple&#8221; title=&#8221;DEPARTMENTS&#8221; title_size=&#8221;title&#8211;small&#8221; description=&#8221;Partnerships: partners@morfin.com<br \/>\nPress: press@morfin.com<br \/>\nSales: sales@morfin.com<br \/>\nGeneral queries: info@morfin.com&#8221; text_align=&#8221;text-left&#8221; btn_style=&#8221;a-btn&#8221;]<\/div><\/div><\/div><\/div>\n<\/div>","protected":false},"excerpt":{"rendered":"[pixxy_headings style=\"simple\" title=\"TALK TO A HUMAN\" description=\"Your message is absolutely private. It will go straight to one of the guys or gals from our support team or to one of our developers looking for problems to fix. No ridiculous AI, conversation limbo or outsource who doesn\u2019t know zilch about Morfin. Just a person who is ...","protected":false},"author":1,"featured_media":0,"parent":0,"menu_order":0,"comment_status":"closed","ping_status":"closed","template":"","meta":{"_monsterinsights_skip_tracking":false,"_monsterinsights_sitenote_active":false,"_monsterinsights_sitenote_note":"","_monsterinsights_sitenote_category":0,"footnotes":""},"class_list":["post-1326","page","type-page","status-publish","hentry"],"yoast_head":"<!-- This site is optimized with the Yoast SEO plugin v23.3 - https:\/\/yoast.com\/wordpress\/plugins\/seo\/ -->\n<title>Thank you for checking out the Morfin Team!<\/title>\n<meta name=\"description\" content=\"There are many ways to be part of the Morfin transformation. Support this project, be part of the community, get access to early beta and comment on your experience!\" \/>\n<meta name=\"robots\" content=\"index, follow, max-snippet:-1, max-image-preview:large, max-video-preview:-1\" \/>\n<link rel=\"canonical\" href=\"https:\/\/morfin.io\/ro\/contact-us\/\" \/>\n<meta property=\"og:locale\" content=\"ro_RO\" \/>\n<meta property=\"og:type\" content=\"article\" \/>\n<meta property=\"og:title\" content=\"Thank you for checking out the Morfin Team!\" \/>\n<meta property=\"og:description\" content=\"There are many ways to be part of the Morfin transformation. Support this project, be part of the community, get access to early beta and comment on your experience!\" \/>\n<meta property=\"og:url\" content=\"https:\/\/morfin.io\/ro\/contact-us\/\" \/>\n<meta property=\"og:site_name\" content=\"morfin\" \/>\n<meta property=\"article:publisher\" content=\"https:\/\/www.facebook.com\/morfindotio\/\" \/>\n<meta property=\"article:modified_time\" content=\"2024-04-03T10:47:56+00:00\" \/>\n<meta name=\"twitter:card\" content=\"summary_large_image\" \/>\n<meta name=\"twitter:site\" content=\"@morfindotio\" \/>\n<meta name=\"twitter:label1\" content=\"Timp estimat pentru citire\" \/>\n\t<meta name=\"twitter:data1\" content=\"2 minute\" \/>\n<script type=\"application\/ld+json\" class=\"yoast-schema-graph\">{\"@context\":\"https:\/\/schema.org\",\"@graph\":[{\"@type\":\"WebPage\",\"@id\":\"https:\/\/morfin.io\/contact-us\/\",\"url\":\"https:\/\/morfin.io\/contact-us\/\",\"name\":\"Thank you for checking out the Morfin Team!\",\"isPartOf\":{\"@id\":\"https:\/\/morfin.io\/#website\"},\"datePublished\":\"2018-07-09T15:55:42+00:00\",\"dateModified\":\"2024-04-03T10:47:56+00:00\",\"description\":\"There are many ways to be part of the Morfin transformation. Support this project, be part of the community, get access to early beta and comment on your experience!\",\"breadcrumb\":{\"@id\":\"https:\/\/morfin.io\/contact-us\/#breadcrumb\"},\"inLanguage\":\"ro-RO\",\"potentialAction\":[{\"@type\":\"ReadAction\",\"target\":[\"https:\/\/morfin.io\/contact-us\/\"]}]},{\"@type\":\"BreadcrumbList\",\"@id\":\"https:\/\/morfin.io\/contact-us\/#breadcrumb\",\"itemListElement\":[{\"@type\":\"ListItem\",\"position\":1,\"name\":\"Home\",\"item\":\"https:\/\/morfin.io\/\"},{\"@type\":\"ListItem\",\"position\":2,\"name\":\"Contact Us\"}]},{\"@type\":\"WebSite\",\"@id\":\"https:\/\/morfin.io\/#website\",\"url\":\"https:\/\/morfin.io\/\",\"name\":\"morfin\",\"description\":\"Gamify your life\",\"potentialAction\":[{\"@type\":\"SearchAction\",\"target\":{\"@type\":\"EntryPoint\",\"urlTemplate\":\"https:\/\/morfin.io\/?s={search_term_string}\"},\"query-input\":\"required name=search_term_string\"}],\"inLanguage\":\"ro-RO\"}]}<\/script>\n<!-- \/ Yoast SEO plugin. -->","yoast_head_json":{"title":"Thank you for checking out the Morfin Team!","description":"There are many ways to be part of the Morfin transformation. Support this project, be part of the community, get access to early beta and comment on your experience!","robots":{"index":"index","follow":"follow","max-snippet":"max-snippet:-1","max-image-preview":"max-image-preview:large","max-video-preview":"max-video-preview:-1"},"canonical":"https:\/\/morfin.io\/ro\/contact-us\/","og_locale":"ro_RO","og_type":"article","og_title":"Thank you for checking out the Morfin Team!","og_description":"There are many ways to be part of the Morfin transformation. Support this project, be part of the community, get access to early beta and comment on your experience!","og_url":"https:\/\/morfin.io\/ro\/contact-us\/","og_site_name":"morfin","article_publisher":"https:\/\/www.facebook.com\/morfindotio\/","article_modified_time":"2024-04-03T10:47:56+00:00","twitter_card":"summary_large_image","twitter_site":"@morfindotio","twitter_misc":{"Timp estimat pentru citire":"2 minute"},"schema":{"@context":"https:\/\/schema.org","@graph":[{"@type":"WebPage","@id":"https:\/\/morfin.io\/contact-us\/","url":"https:\/\/morfin.io\/contact-us\/","name":"Thank you for checking out the Morfin Team!","isPartOf":{"@id":"https:\/\/morfin.io\/#website"},"datePublished":"2018-07-09T15:55:42+00:00","dateModified":"2024-04-03T10:47:56+00:00","description":"There are many ways to be part of the Morfin transformation. Support this project, be part of the community, get access to early beta and comment on your experience!","breadcrumb":{"@id":"https:\/\/morfin.io\/contact-us\/#breadcrumb"},"inLanguage":"ro-RO","potentialAction":[{"@type":"ReadAction","target":["https:\/\/morfin.io\/contact-us\/"]}]},{"@type":"BreadcrumbList","@id":"https:\/\/morfin.io\/contact-us\/#breadcrumb","itemListElement":[{"@type":"ListItem","position":1,"name":"Home","item":"https:\/\/morfin.io\/"},{"@type":"ListItem","position":2,"name":"Contact Us"}]},{"@type":"WebSite","@id":"https:\/\/morfin.io\/#website","url":"https:\/\/morfin.io\/","name":"morfin","description":"Gamify your life","potentialAction":[{"@type":"SearchAction","target":{"@type":"EntryPoint","urlTemplate":"https:\/\/morfin.io\/?s={search_term_string}"},"query-input":"required name=search_term_string"}],"inLanguage":"ro-RO"}]}},"_links":{"self":[{"href":"https:\/\/morfin.io\/ro\/wp-json\/wp\/v2\/pages\/1326"}],"collection":[{"href":"https:\/\/morfin.io\/ro\/wp-json\/wp\/v2\/pages"}],"about":[{"href":"https:\/\/morfin.io\/ro\/wp-json\/wp\/v2\/types\/page"}],"author":[{"embeddable":true,"href":"https:\/\/morfin.io\/ro\/wp-json\/wp\/v2\/users\/1"}],"replies":[{"embeddable":true,"href":"https:\/\/morfin.io\/ro\/wp-json\/wp\/v2\/comments?post=1326"}],"version-history":[{"count":53,"href":"https:\/\/morfin.io\/ro\/wp-json\/wp\/v2\/pages\/1326\/revisions"}],"predecessor-version":[{"id":8148,"href":"https:\/\/morfin.io\/ro\/wp-json\/wp\/v2\/pages\/1326\/revisions\/8148"}],"wp:attachment":[{"href":"https:\/\/morfin.io\/ro\/wp-json\/wp\/v2\/media?parent=1326"}],"curies":[{"name":"wp","href":"https:\/\/api.w.org\/{rel}","templated":true}]}}